{"id":13388,"date":"2023-02-07T10:28:37","date_gmt":"2023-02-07T09:28:37","guid":{"rendered":"https:\/\/solar.gistron.com\/widerrufsbelehrung-2\/"},"modified":"2023-02-15T11:50:29","modified_gmt":"2023-02-15T10:50:29","slug":"geschaftsbedingungen","status":"publish","type":"page","link":"https:\/\/solar.gistron.com\/de\/geschaftsbedingungen\/","title":{"rendered":"Allgemeine Gesch\u00e4ftsbedingungen"},"content":{"rendered":"\t\t<div data-elementor-type=\"wp-page\" data-elementor-id=\"13388\" class=\"elementor elementor-13388 elementor-13368\" data-elementor-post-type=\"page\">\n\t\t\t\t\t\t<section class=\"wd-negative-gap elementor-section elementor-top-section elementor-element elementor-element-024c60d elementor-section-boxed elementor-section-height-default elementor-section-height-default\" data-id=\"024c60d\" data-element_type=\"section\">\n\t\t\t\t\t\t<div class=\"elementor-container elementor-column-gap-default\">\n\t\t\t\t\t<div class=\"elementor-column elementor-col-100 elementor-top-column elementor-element elementor-element-a0bec91\" data-id=\"a0bec91\" data-element_type=\"column\">\n\t\t\t<div class=\"elementor-widget-wrap elementor-element-populated\">\n\t\t\t\t\t\t<div class=\"elementor-element elementor-element-842d942 elementor-widget elementor-widget-wd_text_block\" data-id=\"842d942\" data-element_type=\"widget\" data-widget_type=\"wd_text_block.default\">\n\t\t\t\t<div class=\"elementor-widget-container\">\n\t\t\t\t\t\t\t<div class=\"wd-text-block reset-last-child text-left\">\n\t\t\t\n\t\t\t<p><span style=\"color: #333333;\"><strong>Allgemeine Gesch\u00e4ftsbedingungen<\/strong><\/span><\/p><h2><span style=\"color: #333333;\">1. Geltungsbereich<\/span><\/h2><p><span style=\"color: #808080;\">F\u00fcr alle Bestellungen \u00fcber unseren Online-Shop durch Verbraucher und Unternehmer gelten die nachfolgenden AGB.<\/span><\/p><p><span style=\"color: #808080;\">Verbraucher ist jede nat\u00fcrliche Person, die ein Rechtsgesch\u00e4ft zu Zwecken abschlie\u00dft, die \u00fcberwiegend weder ihrer gewerblichen noch ihrer selbst\u00e4ndigen beruflichen T\u00e4tigkeit zugerechnet werden k\u00f6nnen. Unternehmer ist eine nat\u00fcrliche oder juristische Person oder eine rechtsf\u00e4hige Personengesellschaft, die bei Abschluss eines Rechtsgesch\u00e4fts in Aus\u00fcbung ihrer gewerblichen oder selbst\u00e4ndigen beruflichen T\u00e4tigkeit handelt.<\/span><\/p><p><span style=\"color: #808080;\">Gegen\u00fcber Unternehmern gilt: Verwendet der Unternehmer entgegenstehende oder erg\u00e4nzende Allgemeine Gesch\u00e4ftsbedingungen, wird deren Geltung hiermit widersprochen; sie werden nur dann Vertragsbestandteil, wenn wir dem ausdr\u00fccklich zugestimmt haben.<\/span><\/p><h2><span style=\"color: #333333;\">2. Vertragspartner, Vertragsschluss, Korrekturm\u00f6glichkeiten<\/span><\/h2><p><span style=\"color: #808080;\">Der Kaufvertrag kommt zustande mit Gistron B.V..<\/span><\/p><p><span style=\"color: #808080;\">Die Darstellung der Produkte im Online-Shop stellt kein rechtlich bindendes Angebot, sondern einen unverbindlichen Online-Katalog dar. Sie k\u00f6nnen unsere Produkte zun\u00e4chst unverbindlich in den Warenkorb legen und Ihre Eingaben vor Absenden Ihrer verbindlichen Bestellung jederzeit korrigieren, indem Sie die hierf\u00fcr im Bestellablauf vorgesehenen und erl\u00e4uterten Korrekturhilfen nutzen. Durch Anklicken des Bestellbuttons geben Sie ein verbindliches Angebot \u00fcber die im Warenkorb enthaltenen Waren ab. Die Best\u00e4tigung des Zugangs Ihrer Bestellung erfolgt per E-Mail unmittelbar nach dem Absenden der Bestellung.<\/span><\/p><p><span style=\"color: #808080;\">Wir nehmen Ihr Angebot innerhalb von zwei Tagen an, indem<\/span><\/p><ul><li><span style=\"color: #808080;\">wir eine Annahmeerkl\u00e4rung in separater E-Mail abgeben oder<\/span><\/li><li><span style=\"color: #808080;\">gegebenenfalls die Zahlungstransaktion durch unseren Dienstleister oder den ausgew\u00e4hlten Zahlungsdienstleister durchgef\u00fchrt wird. Der Durchf\u00fchrungszeitpunkt der Zahlungstransaktion richtet sich nach der jeweils ausgew\u00e4hlten Zahlungsart (s. unter \u201eBezahlung\u201c).<\/span><\/li><\/ul><p><span style=\"color: #808080;\">Die f\u00fcr Sie relevante Alternative richtet sich danach, welches der aufgez\u00e4hlten Ereignisse als erstes eintritt.<\/span><\/p><h2><span style=\"color: #333333;\">3. Vertragssprache, Vertragstextspeicherung<\/span><\/h2><p><span style=\"color: #808080;\">Die f\u00fcr den Vertragsschluss zur Verf\u00fcgung stehende(n) Sprache(n): Deutsch, Niederl\u00e4ndisch<\/span><\/p><p><span style=\"color: #808080;\">Der Vertragstext wird von uns nicht gespeichert.<\/span><\/p><h2><span style=\"color: #333333;\">4. Lieferbedingungen<\/span><\/h2><p><span style=\"color: #808080;\">Zuz\u00fcglich zu den angegebenen Produktpreisen kommen noch Versandkosten hinzu. N\u00e4heres zur H\u00f6he der Versandkosten erfahren Sie bei den Angeboten.<\/span><\/p><p><span style=\"color: #808080;\">Sie haben grunds\u00e4tzlich die M\u00f6glichkeit der Abholung bei Gistron B.V., Groenlandstr.31, 46446 Emmerich, Deutschland zu den nachfolgend angegebenen Gesch\u00e4ftszeiten: Montag bis Freitag von 10:00 Uhr bis 18:00 Uhr au\u00dfer an Feiertagen.<\/span><\/p><p><span style=\"color: #808080;\">Wir liefern nicht an Packstationen.<\/span><\/p><h2><span style=\"color: #333333;\">5. Bezahlung<\/span><\/h2><p><span style=\"color: #808080;\">In unserem Shop stehen Ihnen grunds\u00e4tzlich die folgenden Zahlungsarten zur Verf\u00fcgung:<\/span><\/p><p><span style=\"color: #333333;\"><strong>Vorkasse<\/strong><\/span><br \/><span style=\"color: #808080;\">Bei Auswahl der Zahlungsart Vorkasse nennen wir Ihnen unsere Bankverbindung in separater E-Mail und liefern die Ware nach Zahlungseingang.<\/span><\/p><p><span style=\"color: #333333;\"><strong>PayPal<\/strong><\/span><br \/><span style=\"color: #808080;\">Um den Rechnungsbetrag \u00fcber den Zahlungsdienstleister PayPal (Europe) S.\u00e0 r.l. et Cie, S.C.A, 22-24 Boulevard Royal, L-2449 Luxembourg (\u201ePayPal\u201c) bezahlen zu k\u00f6nnen, m\u00fcssen Sie bei PayPal registriert sein, sich mit Ihren Zugangsdaten legitimieren und die Zahlungsanweisung best\u00e4tigen.<\/span><br \/><span style=\"color: #808080;\">Die Zahlungstransaktion wird durch PayPal unmittelbar nach Abgabe der Bestellung durchgef\u00fchrt. Weitere Hinweise erhalten Sie im Bestellvorgang.<\/span><\/p><p><span style=\"color: #808080;\">PayPal kann registrierten und nach eigenen Kriterien ausgew\u00e4hlten PayPal-Kunden weitere Zahlungsmodalit\u00e4ten im Kundenkonto anbieten. Auf das Anbieten dieser Modalit\u00e4ten haben wir allerdings keinen Einfluss; weitere individuell angebotene Zahlungsmodalit\u00e4ten betreffen Ihr Rechtsverh\u00e4ltnis mit PayPal. Weitere Informationen hierzu finden Sie in Ihrem PayPal-Konto.<\/span><\/p><p><span style=\"color: #333333;\"><strong>Sofort by Klarna<\/strong><\/span><br \/><span style=\"color: #808080;\">Um den Rechnungsbetrag \u00fcber den Zahlungsdienstleister Sofort GmbH, Theresienh\u00f6he 12, 80339 M\u00fcnchen bezahlen zu k\u00f6nnen, m\u00fcssen Sie \u00fcber ein f\u00fcr Online-Banking freigeschaltetes Bankkonto verf\u00fcgen, sich entsprechend legitimieren und die Zahlungsanweisung best\u00e4tigen. Ihr Konto wird unmittelbar nach Abgabe der Bestellung belastet. Weitere Hinweise erhalten Sie im Bestellvorgang.<\/span><\/p><p><span style=\"color: #333333;\"><strong>giropay \/ paydirekt<\/strong><\/span><br \/><span style=\"color: #808080;\">In Kooperation mit dem Zahlungsdienstleister paydirekt GmbH, Stephanstr. 14-16, 60313 Frankfurt a. M (\u201egiropay\u201c oder \u201epaydirekt\u201c) bieten wir die Zahlungsarten giropay und paydirekt an.<\/span><\/p><p style=\"margin-left: 40px;\"><span style=\"color: #333333;\"><strong>giropay<\/strong><\/span><br \/><span style=\"color: #808080;\">Um den Rechnungsbetrag \u00fcber giropay bezahlen zu k\u00f6nnen, m\u00fcssen Sie \u00fcber ein f\u00fcr Online-Banking freigeschaltetes Bankkonto verf\u00fcgen, sich entsprechend legitimieren und die Zahlungsanweisung best\u00e4tigen. Ihr Konto wird unmittelbar nach Abgabe der Bestellung belastet. Weitere Hinweise erhalten Sie im Bestellvorgang.<\/span><\/p><p style=\"margin-left: 40px;\"><span style=\"color: #333333;\"><strong>paydirekt<\/strong><\/span><br \/><span style=\"color: #808080;\">Um den Rechnungsbetrag \u00fcber paydirekt bezahlen zu k\u00f6nnen, m\u00fcssen Sie \u00fcber ein f\u00fcr Online-Banking freigeschaltetes Bankkonto verf\u00fcgen, bei paydirekt registriert sein, sich mit Ihren Zugangsdaten legitimieren und die Zahlungsanweisung best\u00e4tigen.<\/span><\/p><h2><span style=\"color: #333333;\">6. Widerrufsrecht<\/span><\/h2><p><span style=\"color: #808080;\">Verbrauchern steht das gesetzliche Widerrufsrecht, wie in der Widerrufsbelehrung beschrieben, zu. Unternehmern wird kein freiwilliges Widerrufsrecht einger\u00e4umt.<\/span><\/p><h2><span style=\"color: #333333;\">7. Eigentumsvorbehalt\u200b\u200b\u200b\u200b\u200b\u200b\u200b<\/span><\/h2><p><span style=\"color: #808080;\">Die Ware bleibt bis zur vollst\u00e4ndigen Bezahlung unser Eigentum.<\/span><br \/><span style=\"color: #808080;\">F\u00fcr Unternehmer gilt erg\u00e4nzend: Wir behalten uns das Eigentum an der Ware bis zur vollst\u00e4ndigen Begleichung aller Forderungen aus einer laufenden Gesch\u00e4ftsbeziehung vor. Sie d\u00fcrfen die Vorbehaltsware im ordentlichen Gesch\u00e4ftsbetrieb weiterver\u00e4u\u00dfern; s\u00e4mtliche aus diesem Weiterverkauf entstehenden Forderungen treten Sie \u2013 unabh\u00e4ngig von einer Verbindung oder Vermischung der Vorbehaltsware mit einer neuen Sache - in H\u00f6he des Rechnungsbetrages an uns im Voraus ab, und wir nehmen diese Abtretung an. Sie bleiben zur Einziehung der Forderungen erm\u00e4chtigt, wir d\u00fcrfen Forderungen jedoch auch selbst einziehen, soweit Sie Ihren Zahlungsverpflichtungen nicht nachkommen. Die uns zustehenden Sicherheiten werden wir auf Ihr Verlangen insoweit freigeben, als der realisierbare Wert der Sicherheiten den Wert der offenen Forderungen um mehr als 10 % \u00fcbersteigt.<\/span><\/p><h2><span style=\"color: #333333;\">8. Transportsch\u00e4den\u200b\u200b\u200b\u200b\u200b\u200b\u200b<\/span><\/h2><p><span style=\"color: #808080;\">F\u00fcr Verbraucher gilt: Werden Waren mit offensichtlichen Transportsch\u00e4den angeliefert, so reklamieren Sie solche Fehler bitte m\u00f6glichst sofort beim Zusteller und nehmen Sie bitte unverz\u00fcglich Kontakt zu uns auf. Die Vers\u00e4umung einer Reklamation oder Kontaktaufnahme hat f\u00fcr Ihre gesetzlichen Anspr\u00fcche und deren Durchsetzung, insbesondere Ihre Gew\u00e4hrleistungsrechte, keinerlei Konsequenzen. Sie helfen uns aber, unsere eigenen Anspr\u00fcche gegen\u00fcber dem Frachtf\u00fchrer bzw. der Transportversicherung geltend machen zu k\u00f6nnen.<\/span><\/p><p><span style=\"color: #808080;\">F\u00fcr Unternehmer gilt: Die Gefahr des zuf\u00e4lligen Untergangs und der zuf\u00e4lligen Verschlechterung geht auf Sie \u00fcber, sobald wir die Sache dem Spediteur, dem Frachtf\u00fchrer oder der sonst zur Ausf\u00fchrung der Versendung bestimmten Person oder Anstalt ausgeliefert haben.<\/span><\/p><h2><span style=\"color: #333333;\">9. Gew\u00e4hrleistung und Garantien\u200b\u200b\u200b\u200b\u200b\u200b\u200b<\/span><\/h2><h3><span style=\"color: #333333;\">9.1 M\u00e4ngelhaftungsrecht<\/span><\/h3><p><span style=\"color: #808080;\">Soweit nicht ausdr\u00fccklich anders vereinbart, gilt das gesetzliche M\u00e4ngelhaftungsrecht.<\/span><\/p><p><span style=\"color: #808080;\">Die nachstehenden Einschr\u00e4nkungen und Fristverk\u00fcrzungen gelten nicht f\u00fcr Anspr\u00fcche aufgrund von Sch\u00e4den, die durch uns, unsere gesetzlichen Vertreter oder Erf\u00fcllungsgehilfen verursacht wurden<\/span><\/p><ul><li><span style=\"color: #808080;\">bei Verletzung des Lebens, des K\u00f6rpers oder der Gesundheit<\/span><\/li><li><span style=\"color: #808080;\">bei vors\u00e4tzlicher oder grob fahrl\u00e4ssiger Pflichtverletzung sowie Arglist<\/span><\/li><li><span style=\"color: #808080;\">bei Verletzung wesentlicher Vertragspflichten, deren Erf\u00fcllung die ordnungsgem\u00e4\u00dfe Durchf\u00fchrung des Vertrages \u00fcberhaupt erst erm\u00f6glicht und auf deren Einhaltung der Vertragspartner regelm\u00e4\u00dfig vertrauen darf (Kardinalpflichten)<\/span><\/li><li><span style=\"color: #808080;\">im Rahmen eines Garantieversprechens, soweit vereinbart, oder<\/span><\/li><li><span style=\"color: #808080;\">soweit der Anwendungsbereich des Produkthaftungsgesetzes er\u00f6ffnet ist.<\/span><\/li><\/ul><p><span style=\"color: #333333;\"><strong>Beschr\u00e4nkungen gegen\u00fcber Unternehmern<\/strong><\/span><\/p><p><span style=\"color: #808080;\">Gegen\u00fcber Unternehmern gelten als Vereinbarung \u00fcber die Beschaffenheit der Ware nur unsere eigenen Angaben und die Produktbeschreibungen des Herstellers, die in den Vertrag einbezogen wurden; f\u00fcr \u00f6ffentliche \u00c4u\u00dferungen des Herstellers oder sonstige Werbeaussagen \u00fcbernehmen wir keine Haftung. F\u00fcr Unternehmer betr\u00e4gt die Verj\u00e4hrungsfrist f\u00fcr M\u00e4ngelanspr\u00fcche bei neu hergestellten Sachen ein Jahr ab Gefahr\u00fcbergang.<\/span><br \/><span style=\"color: #808080;\">Der Verkauf gebrauchter Waren erfolgt unter Ausschluss jeglicher Gew\u00e4hrleistung.<\/span><\/p><p><span style=\"color: #808080;\">Die gesetzlichen Verj\u00e4hrungsfristen f\u00fcr den R\u00fcckgriffsanspruch nach \u00a7 445a BGB bleiben unber\u00fchrt.<\/span><\/p><p><span style=\"color: #333333;\"><strong>Regelungen gegen\u00fcber Kaufleuten<\/strong><\/span><\/p><p><span style=\"color: #808080;\">Unter Kaufleuten gilt die in \u00a7 377 HGB geregelte Untersuchungs- und R\u00fcgepflicht. Unterlassen Sie die dort geregelte Anzeige, so gilt die Ware als genehmigt, es sei denn, dass es sich um einen Mangel handelt, der bei der Untersuchung nicht erkennbar war. Dies gilt nicht, falls wir einen Mangel arglistig verschwiegen haben.<\/span><\/p><p><span style=\"color: #333333;\"><strong>Hinweis gegen\u00fcber Verbrauchern<\/strong><\/span><br \/><span style=\"color: #808080;\">Wir m\u00f6chten Sie dar\u00fcber informieren, dass wir beim Verkauf von gebrauchten Waren an Verbraucher die Verj\u00e4hrungsfrist bzgl. der M\u00e4ngelgew\u00e4hrleistungsrechte auf ein Jahr ab Ablieferung der Ware verk\u00fcrzen d\u00fcrfen, sofern wir Sie dar\u00fcber eigens in Kenntnis setzen und dies ausdr\u00fccklich und gesondert vereinbart wird.<\/span><\/p><h3><span style=\"color: #333333;\">9.2 Garantien und Kundendienst<\/span><\/h3><p><span style=\"color: #808080;\">Informationen zu gegebenenfalls geltenden zus\u00e4tzlichen Garantien und deren genaue Bedingungen finden Sie jeweils beim Produkt und auf besonderen Informationsseiten im Online-Shop.<\/span><\/p><h2><span style=\"color: #333333;\">10. Haftung\u200b\u200b\u200b\u200b\u200b\u200b\u200b<\/span><\/h2><p><span style=\"color: #808080;\">F\u00fcr Anspr\u00fcche aufgrund von Sch\u00e4den, die durch uns, unsere gesetzlichen Vertreter oder Erf\u00fcllungsgehilfen verursacht wurden, haften wir stets unbeschr\u00e4nkt<\/span><\/p><ul><li><span style=\"color: #808080;\">bei Verletzung des Lebens, des K\u00f6rpers oder der Gesundheit,<\/span><\/li><li><span style=\"color: #808080;\">bei vors\u00e4tzlicher oder grob fahrl\u00e4ssiger Pflichtverletzung,<\/span><\/li><li><span style=\"color: #808080;\">bei Garantieversprechen, soweit vereinbart, oder<\/span><\/li><li><span style=\"color: #808080;\">soweit der Anwendungsbereich des Produkthaftungsgesetzes er\u00f6ffnet ist.<\/span><\/li><\/ul><p><span style=\"color: #808080;\">Bei Verletzung wesentlicher Vertragspflichten, deren Erf\u00fcllung die ordnungsgem\u00e4\u00dfe Durchf\u00fchrung des Vertrages \u00fcberhaupt erst erm\u00f6glicht und auf deren Einhaltung der Vertragspartner regelm\u00e4\u00dfig vertrauen darf, (Kardinalpflichten) durch leichte Fahrl\u00e4ssigkeit von uns, unseren gesetzlichen Vertretern oder Erf\u00fcllungsgehilfen ist die Haftung der H\u00f6he nach auf den bei Vertragsschluss vorhersehbaren Schaden begrenzt, mit dessen Entstehung typischerweise gerechnet werden muss. <\/span><br \/><span style=\"color: #808080;\">Im \u00dcbrigen sind Anspr\u00fcche auf Schadensersatz ausgeschlossen.<\/span><\/p><h2><span style=\"color: #808080;\"><span style=\"color: #333333;\">11. Streitbeilegung<\/span>\u200b\u200b\u200b\u200b\u200b\u200b\u200b<\/span><\/h2><p><span style=\"color: #808080;\">Die Europ\u00e4ische Kommission stellt eine Plattform zur Online-Streitbeilegung (OS) bereit, die Sie <a style=\"color: #808080;\" href=\"https:\/\/ec.europa.eu\/consumers\/odr\/\" target=\"_blank\" rel=\"noopener\">hier<\/a> finden.<\/span><br \/><span style=\"color: #808080;\">Zur Teilnahme an einem Streitbeilegungsverfahren vor einer Verbraucherschlichtungsstelle sind wir nicht verpflichtet und nicht bereit.<\/span><\/p><h2><span style=\"color: #808080;\"><span style=\"color: #333333;\">12. Schlussbestimmungen<\/span>\u200b\u200b\u200b\u200b\u200b\u200b\u200b<\/span><\/h2><p><span style=\"color: #808080;\">Sind Sie Kaufmann im Sinne des Handelsgesetzbuches, juristische Person des \u00f6ffentlichen Rechts oder \u00f6ffentlich-rechtliches Sonderverm\u00f6gen, ist ausschlie\u00dflicher Gerichtsstand f\u00fcr alle Streitigkeiten aus Vertragsverh\u00e4ltnissen zwischen uns und Ihnen unser Gesch\u00e4ftssitz.<\/span><\/p>\n\t\t\t\t\t<\/div>\n\t\t\t\t\t\t<\/div>\n\t\t\t\t<\/div>\n\t\t\t\t\t<\/div>\n\t\t<\/div>\n\t\t\t\t\t<\/div>\n\t\t<\/section>\n\t\t\t\t<\/div>\n\t\t","protected":false},"excerpt":{"rendered":"<p>Allgemeine Gesch\u00e4ftsbedingungen 1. Geltungsbereich F\u00fcr alle Bestellungen \u00fcber unseren Online-Shop durch Verbraucher und Unternehmer gelten die nachfolgenden AGB. Verbraucher ist<\/p>\n","protected":false},"author":1,"featured_media":0,"parent":0,"menu_order":0,"comment_status":"closed","ping_status":"closed","template":"","meta":{"footnotes":""},"class_list":["post-13388","page","type-page","status-publish","hentry"],"yoast_head":"<!-- This site is optimized with the Yoast SEO Premium plugin v26.7 (Yoast SEO v26.7) - https:\/\/yoast.com\/wordpress\/plugins\/seo\/ -->\n<title>Allgemeine Gesch\u00e4ftsbedingungen - Gistron Solar<\/title>\n<meta name=\"robots\" content=\"index, follow, max-snippet:-1, max-image-preview:large, max-video-preview:-1\" \/>\n<link rel=\"canonical\" href=\"https:\/\/solar.gistron.com\/de\/geschaftsbedingungen\/\" \/>\n<meta property=\"og:locale\" content=\"de_DE\" \/>\n<meta property=\"og:type\" content=\"article\" \/>\n<meta property=\"og:title\" content=\"Allgemeine Gesch\u00e4ftsbedingungen\" \/>\n<meta property=\"og:description\" content=\"Allgemeine Gesch\u00e4ftsbedingungen 1. Geltungsbereich F\u00fcr alle Bestellungen \u00fcber unseren Online-Shop durch Verbraucher und Unternehmer gelten die nachfolgenden AGB. Verbraucher ist\" \/>\n<meta property=\"og:url\" content=\"https:\/\/solar.gistron.com\/de\/geschaftsbedingungen\/\" \/>\n<meta property=\"og:site_name\" content=\"Gistron Solar\" \/>\n<meta property=\"article:modified_time\" content=\"2023-02-15T10:50:29+00:00\" \/>\n<script type=\"application\/ld+json\" class=\"yoast-schema-graph\">{\"@context\":\"https:\/\/schema.org\",\"@graph\":[{\"@type\":\"WebPage\",\"@id\":\"https:\/\/solar.gistron.com\/de\/geschaftsbedingungen\/\",\"url\":\"https:\/\/solar.gistron.com\/de\/geschaftsbedingungen\/\",\"name\":\"Allgemeine Gesch\u00e4ftsbedingungen - Gistron Solar\",\"isPartOf\":{\"@id\":\"https:\/\/solar.gistron.com\/de\/#website\"},\"datePublished\":\"2023-02-07T09:28:37+00:00\",\"dateModified\":\"2023-02-15T10:50:29+00:00\",\"breadcrumb\":{\"@id\":\"https:\/\/solar.gistron.com\/de\/geschaftsbedingungen\/#breadcrumb\"},\"inLanguage\":\"de\",\"potentialAction\":[{\"@type\":\"ReadAction\",\"target\":[\"https:\/\/solar.gistron.com\/de\/geschaftsbedingungen\/\"]}]},{\"@type\":\"BreadcrumbList\",\"@id\":\"https:\/\/solar.gistron.com\/de\/geschaftsbedingungen\/#breadcrumb\",\"itemListElement\":[{\"@type\":\"ListItem\",\"position\":1,\"name\":\"Home\",\"item\":\"https:\/\/solar.gistron.com\/de\/\"},{\"@type\":\"ListItem\",\"position\":2,\"name\":\"Allgemeine Gesch\u00e4ftsbedingungen\"}]},{\"@type\":\"WebSite\",\"@id\":\"https:\/\/solar.gistron.com\/de\/#website\",\"url\":\"https:\/\/solar.gistron.com\/de\/\",\"name\":\"Solar Gistron\",\"description\":\"Zonnepanelen, Omvormers en Thuis accus\",\"publisher\":{\"@id\":\"https:\/\/solar.gistron.com\/de\/#organization\"},\"potentialAction\":[{\"@type\":\"SearchAction\",\"target\":{\"@type\":\"EntryPoint\",\"urlTemplate\":\"https:\/\/solar.gistron.com\/de\/?s={search_term_string}\"},\"query-input\":{\"@type\":\"PropertyValueSpecification\",\"valueRequired\":true,\"valueName\":\"search_term_string\"}}],\"inLanguage\":\"de\"},{\"@type\":\"Organization\",\"@id\":\"https:\/\/solar.gistron.com\/de\/#organization\",\"name\":\"Gistron B.V.\",\"url\":\"https:\/\/solar.gistron.com\/de\/\",\"logo\":{\"@type\":\"ImageObject\",\"inLanguage\":\"de\",\"@id\":\"https:\/\/solar.gistron.com\/de\/#\/schema\/logo\/image\/\",\"url\":\"https:\/\/solar.gistron.com\/wp-content\/uploads\/2023\/02\/Icon-licht-grijs.png\",\"contentUrl\":\"https:\/\/solar.gistron.com\/wp-content\/uploads\/2023\/02\/Icon-licht-grijs.png\",\"width\":112,\"height\":112,\"caption\":\"Gistron B.V.\"},\"image\":{\"@id\":\"https:\/\/solar.gistron.com\/de\/#\/schema\/logo\/image\/\"}}]}<\/script>\n<!-- \/ Yoast SEO Premium plugin. -->","yoast_head_json":{"title":"Allgemeine Gesch\u00e4ftsbedingungen - Gistron Solar","robots":{"index":"index","follow":"follow","max-snippet":"max-snippet:-1","max-image-preview":"max-image-preview:large","max-video-preview":"max-video-preview:-1"},"canonical":"https:\/\/solar.gistron.com\/de\/geschaftsbedingungen\/","og_locale":"de_DE","og_type":"article","og_title":"Allgemeine Gesch\u00e4ftsbedingungen","og_description":"Allgemeine Gesch\u00e4ftsbedingungen 1. Geltungsbereich F\u00fcr alle Bestellungen \u00fcber unseren Online-Shop durch Verbraucher und Unternehmer gelten die nachfolgenden AGB. Verbraucher ist","og_url":"https:\/\/solar.gistron.com\/de\/geschaftsbedingungen\/","og_site_name":"Gistron Solar","article_modified_time":"2023-02-15T10:50:29+00:00","schema":{"@context":"https:\/\/schema.org","@graph":[{"@type":"WebPage","@id":"https:\/\/solar.gistron.com\/de\/geschaftsbedingungen\/","url":"https:\/\/solar.gistron.com\/de\/geschaftsbedingungen\/","name":"Allgemeine Gesch\u00e4ftsbedingungen - Gistron Solar","isPartOf":{"@id":"https:\/\/solar.gistron.com\/de\/#website"},"datePublished":"2023-02-07T09:28:37+00:00","dateModified":"2023-02-15T10:50:29+00:00","breadcrumb":{"@id":"https:\/\/solar.gistron.com\/de\/geschaftsbedingungen\/#breadcrumb"},"inLanguage":"de","potentialAction":[{"@type":"ReadAction","target":["https:\/\/solar.gistron.com\/de\/geschaftsbedingungen\/"]}]},{"@type":"BreadcrumbList","@id":"https:\/\/solar.gistron.com\/de\/geschaftsbedingungen\/#breadcrumb","itemListElement":[{"@type":"ListItem","position":1,"name":"Home","item":"https:\/\/solar.gistron.com\/de\/"},{"@type":"ListItem","position":2,"name":"Allgemeine Gesch\u00e4ftsbedingungen"}]},{"@type":"WebSite","@id":"https:\/\/solar.gistron.com\/de\/#website","url":"https:\/\/solar.gistron.com\/de\/","name":"Solar Gistron","description":"Zonnepanelen, Omvormers en Thuis accus","publisher":{"@id":"https:\/\/solar.gistron.com\/de\/#organization"},"potentialAction":[{"@type":"SearchAction","target":{"@type":"EntryPoint","urlTemplate":"https:\/\/solar.gistron.com\/de\/?s={search_term_string}"},"query-input":{"@type":"PropertyValueSpecification","valueRequired":true,"valueName":"search_term_string"}}],"inLanguage":"de"},{"@type":"Organization","@id":"https:\/\/solar.gistron.com\/de\/#organization","name":"Gistron B.V.","url":"https:\/\/solar.gistron.com\/de\/","logo":{"@type":"ImageObject","inLanguage":"de","@id":"https:\/\/solar.gistron.com\/de\/#\/schema\/logo\/image\/","url":"https:\/\/solar.gistron.com\/wp-content\/uploads\/2023\/02\/Icon-licht-grijs.png","contentUrl":"https:\/\/solar.gistron.com\/wp-content\/uploads\/2023\/02\/Icon-licht-grijs.png","width":112,"height":112,"caption":"Gistron B.V."},"image":{"@id":"https:\/\/solar.gistron.com\/de\/#\/schema\/logo\/image\/"}}]}},"_links":{"self":[{"href":"https:\/\/solar.gistron.com\/de\/wp-json\/wp\/v2\/pages\/13388","targetHints":{"allow":["GET"]}}],"collection":[{"href":"https:\/\/solar.gistron.com\/de\/wp-json\/wp\/v2\/pages"}],"about":[{"href":"https:\/\/solar.gistron.com\/de\/wp-json\/wp\/v2\/types\/page"}],"author":[{"embeddable":true,"href":"https:\/\/solar.gistron.com\/de\/wp-json\/wp\/v2\/users\/1"}],"replies":[{"embeddable":true,"href":"https:\/\/solar.gistron.com\/de\/wp-json\/wp\/v2\/comments?post=13388"}],"version-history":[{"count":58,"href":"https:\/\/solar.gistron.com\/de\/wp-json\/wp\/v2\/pages\/13388\/revisions"}],"predecessor-version":[{"id":14398,"href":"https:\/\/solar.gistron.com\/de\/wp-json\/wp\/v2\/pages\/13388\/revisions\/14398"}],"wp:attachment":[{"href":"https:\/\/solar.gistron.com\/de\/wp-json\/wp\/v2\/media?parent=13388"}],"curies":[{"name":"wp","href":"https:\/\/api.w.org\/{rel}","templated":true}]}}