{"id":14262,"date":"2023-02-14T16:28:02","date_gmt":"2023-02-14T15:28:02","guid":{"rendered":"https:\/\/solar.gistron.com\/widerrufsbelehrung\/"},"modified":"2023-02-15T12:08:01","modified_gmt":"2023-02-15T11:08:01","slug":"widerrufsbelehrung","status":"publish","type":"page","link":"https:\/\/solar.gistron.com\/de\/widerrufsbelehrung\/","title":{"rendered":"Widerrufsbelehrung"},"content":{"rendered":"\t\t<div data-elementor-type=\"wp-page\" data-elementor-id=\"14262\" class=\"elementor elementor-14262 elementor-14253\" data-elementor-post-type=\"page\">\n\t\t\t\t\t\t<section class=\"wd-negative-gap elementor-section elementor-top-section elementor-element elementor-element-f1148b6 elementor-section-boxed elementor-section-height-default elementor-section-height-default\" data-id=\"f1148b6\" data-element_type=\"section\">\n\t\t\t\t\t\t<div class=\"elementor-container elementor-column-gap-default\">\n\t\t\t\t\t<div class=\"elementor-column elementor-col-100 elementor-top-column elementor-element elementor-element-7e3325f\" data-id=\"7e3325f\" data-element_type=\"column\">\n\t\t\t<div class=\"elementor-widget-wrap elementor-element-populated\">\n\t\t\t\t\t\t<div class=\"elementor-element elementor-element-e22a42f elementor-widget elementor-widget-wd_text_block\" data-id=\"e22a42f\" data-element_type=\"widget\" data-widget_type=\"wd_text_block.default\">\n\t\t\t\t<div class=\"elementor-widget-container\">\n\t\t\t\t\t\t\t<div class=\"wd-text-block reset-last-child text-left\">\n\t\t\t\n\t\t\t<h5><span style=\"color: #333333;\"><strong>Widerrufsbelehrung<\/strong><\/span><\/h5><p><span style=\"color: #333333;\">Verbraucher haben ein vierzehnt\u00e4giges Widerrufsrecht.<\/span><br \/><span style=\"color: #333333;\"><strong>Widerrufsrecht<\/strong><\/span><br \/><span style=\"color: #808080;\">Sie haben das Recht, binnen vierzehn Tagen ohne Angabe von Gr\u00fcnden diesen Vertrag zu widerrufen. <\/span><\/p><p><span style=\"color: #808080;\">Die Widerrufsfrist betr\u00e4gt vierzehn Tage ab dem Tag , an dem Sie oder ein von Ihnen benannter Dritter, der nicht der Bef\u00f6rderer ist, die Waren in Besitz genommen haben bzw. hat.<\/span><\/p><p><span style=\"color: #808080;\">Um Ihr Widerrufsrecht auszu\u00fcben, m\u00fcssen Sie uns (Gistron B.V:, Industrieweg 6b, 6915 SG Lobith, Niederlande, info@gistron.com, Telefon: +31316584100) mittels einer eindeutigen Erkl\u00e4rung (z.B. ein mit der Post versandter Brief oder eine E-Mail) \u00fcber Ihren Entschluss, diesen Vertrag zu widerrufen, informieren. Sie k\u00f6nnen daf\u00fcr das beigef\u00fcgte Muster-Widerrufsformular verwenden, das jedoch nicht vorgeschrieben ist.<\/span><\/p><p><span style=\"color: #808080;\">Zur Wahrung der Widerrufsfrist reicht es aus, dass Sie die Mitteilung \u00fcber die Aus\u00fcbung des Widerrufsrechts vor Ablauf der Widerrufsfrist absenden.<\/span><\/p><p><span style=\"color: #808080;\"><strong><span style=\"color: #333333;\">Folgen des Widerrufs<\/span> <\/strong><\/span><\/p><p><span style=\"color: #808080;\">Wenn Sie diesen Vertrag widerrufen, haben wir Ihnen alle Zahlungen, die wir von Ihnen erhalten haben, einschlie\u00dflich der Lieferkosten (mit Ausnahme der zus\u00e4tzlichen Kosten, die sich daraus ergeben, dass Sie eine andere Art der Lieferung als die von uns angebotene, g\u00fcnstigste Standardlieferung gew\u00e4hlt haben), unverz\u00fcglich und sp\u00e4testens binnen vierzehn Tagen ab dem Tag zur\u00fcckzuzahlen, an dem die Mitteilung \u00fcber Ihren Widerruf dieses Vertrags bei uns eingegangen ist. F\u00fcr diese R\u00fcckzahlung verwenden wir dasselbe Zahlungsmittel, das Sie bei der urspr\u00fcnglichen Transaktion eingesetzt haben, es sei denn, mit Ihnen wurde ausdr\u00fccklich etwas anderes vereinbart; in keinem Fall werden Ihnen wegen dieser R\u00fcckzahlung Entgelte berechnet.<\/span><br \/><span style=\"color: #808080;\">Wir k\u00f6nnen die R\u00fcckzahlung verweigern, bis wir die Waren wieder zur\u00fcckerhalten haben oder bis Sie den Nachweis erbracht haben, dass Sie die Waren zur\u00fcckgesandt haben, je nachdem, welches der fr\u00fchere Zeitpunkt ist.<\/span><\/p><p><span style=\"color: #808080;\">Sie haben die Waren unverz\u00fcglich und in jedem Fall sp\u00e4testens binnen vierzehn Tagen ab dem Tag, an dem Sie uns \u00fcber den Widerruf dieses Vertrags unterrichten, an uns oder an Gistron B.V. (Groenlandstr.31, 46446 Emmerich, Deutschland) zur\u00fcckzusenden oder zu \u00fcbergeben. Die Frist ist gewahrt, wenn Sie die Waren vor Ablauf der Frist von vierzehn Tagen absenden.<\/span><br \/><span style=\"color: #808080;\">Sie tragen die unmittelbaren Kosten der R\u00fccksendung der Waren. Bei Waren, die aufgrund ihrer Beschaffenheit nicht normal mit der Post zur\u00fcckgesandt werden k\u00f6nnen, betragen diese 100 Euro EUR.<\/span><br \/><span style=\"color: #808080;\">Sie m\u00fcssen f\u00fcr einen etwaigen Wertverlust der Waren nur aufkommen, wenn dieser Wertverlust auf einen zur Pr\u00fcfung der Beschaffenheit, Eigenschaften und Funktionsweise der Waren nicht notwendigen Umgang mit ihnen zur\u00fcckzuf\u00fchren ist.<\/span><\/p><table style=\"width: 100%;\" border=\"1\" cellspacing=\"1\" cellpadding=\"1\"><tbody><tr><td><p><span style=\"color: #333333;\"><strong>Muster-Widerrufsformular<\/strong><\/span><\/p><p><span style=\"color: #808080;\"><em>(Wenn Sie den Vertrag widerrufen wollen, dann f\u00fcllen Sie bitte dieses Formular aus und senden Sie es zur\u00fcck.)<\/em><\/span><\/p><p><span style=\"color: #808080;\">\u2013 An Gistron B.V:, Industrieweg 6b, 6915 SG Lobith, Niederlande, info@gistron.com<\/span><\/p><p><span style=\"color: #808080;\">\u2013 Hiermit widerrufe(n) ich\/wir (*) den von mir\/uns (*) abgeschlossenen Vertrag \u00fcber den Kauf der folgenden<\/span><br \/><span style=\"color: #808080;\">Waren (*)\/die Erbringung der folgenden Dienstleistung (*)<\/span><\/p><p><span style=\"color: #808080;\">\u2013 Bestellt am (*)\/erhalten am (*)<\/span><\/p><p><span style=\"color: #808080;\">\u2013 Name des\/der Verbraucher(s)<\/span><\/p><p><span style=\"color: #808080;\">\u2013 Anschrift des\/der Verbraucher(s)<\/span><\/p><p><span style=\"color: #808080;\">\u2013 Unterschrift des\/der Verbraucher(s) (nur bei Mitteilung auf Papier)<\/span><\/p><p><span style=\"color: #808080;\">\u2013 Datum<\/span><\/p><p><span style=\"color: #808080;\"><em>(*) Unzutreffendes streichen.<\/em><\/span><\/p><\/td><\/tr><\/tbody><\/table>\n\t\t\t\t\t<\/div>\n\t\t\t\t\t\t<\/div>\n\t\t\t\t<\/div>\n\t\t\t\t\t<\/div>\n\t\t<\/div>\n\t\t\t\t\t<\/div>\n\t\t<\/section>\n\t\t\t\t<\/div>\n\t\t","protected":false},"excerpt":{"rendered":"<p>Widerrufsbelehrung Verbraucher haben ein vierzehnt\u00e4giges Widerrufsrecht.WiderrufsrechtSie haben das Recht, binnen vierzehn Tagen ohne Angabe von Gr\u00fcnden diesen Vertrag zu widerrufen.<\/p>\n","protected":false},"author":1,"featured_media":0,"parent":0,"menu_order":0,"comment_status":"closed","ping_status":"closed","template":"","meta":{"footnotes":""},"class_list":["post-14262","page","type-page","status-publish","hentry"],"yoast_head":"<!-- This site is optimized with the Yoast SEO Premium plugin v26.7 (Yoast SEO v26.7) - https:\/\/yoast.com\/wordpress\/plugins\/seo\/ -->\n<title>Widerrufsbelehrung - Gistron Solar<\/title>\n<meta name=\"robots\" content=\"index, follow, max-snippet:-1, max-image-preview:large, max-video-preview:-1\" \/>\n<link rel=\"canonical\" href=\"https:\/\/solar.gistron.com\/de\/widerrufsbelehrung\/\" \/>\n<meta property=\"og:locale\" content=\"de_DE\" \/>\n<meta property=\"og:type\" content=\"article\" \/>\n<meta property=\"og:title\" content=\"Widerrufsbelehrung\" \/>\n<meta property=\"og:description\" content=\"Widerrufsbelehrung Verbraucher haben ein vierzehnt\u00e4giges Widerrufsrecht.WiderrufsrechtSie haben das Recht, binnen vierzehn Tagen ohne Angabe von Gr\u00fcnden diesen Vertrag zu widerrufen.\" \/>\n<meta property=\"og:url\" content=\"https:\/\/solar.gistron.com\/de\/widerrufsbelehrung\/\" \/>\n<meta property=\"og:site_name\" content=\"Gistron Solar\" \/>\n<meta property=\"article:modified_time\" content=\"2023-02-15T11:08:01+00:00\" \/>\n<script type=\"application\/ld+json\" class=\"yoast-schema-graph\">{\"@context\":\"https:\/\/schema.org\",\"@graph\":[{\"@type\":\"WebPage\",\"@id\":\"https:\/\/solar.gistron.com\/de\/widerrufsbelehrung\/\",\"url\":\"https:\/\/solar.gistron.com\/de\/widerrufsbelehrung\/\",\"name\":\"Widerrufsbelehrung - Gistron Solar\",\"isPartOf\":{\"@id\":\"https:\/\/solar.gistron.com\/de\/#website\"},\"datePublished\":\"2023-02-14T15:28:02+00:00\",\"dateModified\":\"2023-02-15T11:08:01+00:00\",\"breadcrumb\":{\"@id\":\"https:\/\/solar.gistron.com\/de\/widerrufsbelehrung\/#breadcrumb\"},\"inLanguage\":\"de\",\"potentialAction\":[{\"@type\":\"ReadAction\",\"target\":[\"https:\/\/solar.gistron.com\/de\/widerrufsbelehrung\/\"]}]},{\"@type\":\"BreadcrumbList\",\"@id\":\"https:\/\/solar.gistron.com\/de\/widerrufsbelehrung\/#breadcrumb\",\"itemListElement\":[{\"@type\":\"ListItem\",\"position\":1,\"name\":\"Home\",\"item\":\"https:\/\/solar.gistron.com\/de\/\"},{\"@type\":\"ListItem\",\"position\":2,\"name\":\"Widerrufsbelehrung\"}]},{\"@type\":\"WebSite\",\"@id\":\"https:\/\/solar.gistron.com\/de\/#website\",\"url\":\"https:\/\/solar.gistron.com\/de\/\",\"name\":\"Solar Gistron\",\"description\":\"Zonnepanelen, Omvormers en Thuis accus\",\"publisher\":{\"@id\":\"https:\/\/solar.gistron.com\/de\/#organization\"},\"potentialAction\":[{\"@type\":\"SearchAction\",\"target\":{\"@type\":\"EntryPoint\",\"urlTemplate\":\"https:\/\/solar.gistron.com\/de\/?s={search_term_string}\"},\"query-input\":{\"@type\":\"PropertyValueSpecification\",\"valueRequired\":true,\"valueName\":\"search_term_string\"}}],\"inLanguage\":\"de\"},{\"@type\":\"Organization\",\"@id\":\"https:\/\/solar.gistron.com\/de\/#organization\",\"name\":\"Gistron B.V.\",\"url\":\"https:\/\/solar.gistron.com\/de\/\",\"logo\":{\"@type\":\"ImageObject\",\"inLanguage\":\"de\",\"@id\":\"https:\/\/solar.gistron.com\/de\/#\/schema\/logo\/image\/\",\"url\":\"https:\/\/solar.gistron.com\/wp-content\/uploads\/2023\/02\/Icon-licht-grijs.png\",\"contentUrl\":\"https:\/\/solar.gistron.com\/wp-content\/uploads\/2023\/02\/Icon-licht-grijs.png\",\"width\":112,\"height\":112,\"caption\":\"Gistron B.V.\"},\"image\":{\"@id\":\"https:\/\/solar.gistron.com\/de\/#\/schema\/logo\/image\/\"}}]}<\/script>\n<!-- \/ Yoast SEO Premium plugin. -->","yoast_head_json":{"title":"Widerrufsbelehrung - Gistron Solar","robots":{"index":"index","follow":"follow","max-snippet":"max-snippet:-1","max-image-preview":"max-image-preview:large","max-video-preview":"max-video-preview:-1"},"canonical":"https:\/\/solar.gistron.com\/de\/widerrufsbelehrung\/","og_locale":"de_DE","og_type":"article","og_title":"Widerrufsbelehrung","og_description":"Widerrufsbelehrung Verbraucher haben ein vierzehnt\u00e4giges Widerrufsrecht.WiderrufsrechtSie haben das Recht, binnen vierzehn Tagen ohne Angabe von Gr\u00fcnden diesen Vertrag zu widerrufen.","og_url":"https:\/\/solar.gistron.com\/de\/widerrufsbelehrung\/","og_site_name":"Gistron Solar","article_modified_time":"2023-02-15T11:08:01+00:00","schema":{"@context":"https:\/\/schema.org","@graph":[{"@type":"WebPage","@id":"https:\/\/solar.gistron.com\/de\/widerrufsbelehrung\/","url":"https:\/\/solar.gistron.com\/de\/widerrufsbelehrung\/","name":"Widerrufsbelehrung - Gistron Solar","isPartOf":{"@id":"https:\/\/solar.gistron.com\/de\/#website"},"datePublished":"2023-02-14T15:28:02+00:00","dateModified":"2023-02-15T11:08:01+00:00","breadcrumb":{"@id":"https:\/\/solar.gistron.com\/de\/widerrufsbelehrung\/#breadcrumb"},"inLanguage":"de","potentialAction":[{"@type":"ReadAction","target":["https:\/\/solar.gistron.com\/de\/widerrufsbelehrung\/"]}]},{"@type":"BreadcrumbList","@id":"https:\/\/solar.gistron.com\/de\/widerrufsbelehrung\/#breadcrumb","itemListElement":[{"@type":"ListItem","position":1,"name":"Home","item":"https:\/\/solar.gistron.com\/de\/"},{"@type":"ListItem","position":2,"name":"Widerrufsbelehrung"}]},{"@type":"WebSite","@id":"https:\/\/solar.gistron.com\/de\/#website","url":"https:\/\/solar.gistron.com\/de\/","name":"Solar Gistron","description":"Zonnepanelen, Omvormers en Thuis accus","publisher":{"@id":"https:\/\/solar.gistron.com\/de\/#organization"},"potentialAction":[{"@type":"SearchAction","target":{"@type":"EntryPoint","urlTemplate":"https:\/\/solar.gistron.com\/de\/?s={search_term_string}"},"query-input":{"@type":"PropertyValueSpecification","valueRequired":true,"valueName":"search_term_string"}}],"inLanguage":"de"},{"@type":"Organization","@id":"https:\/\/solar.gistron.com\/de\/#organization","name":"Gistron B.V.","url":"https:\/\/solar.gistron.com\/de\/","logo":{"@type":"ImageObject","inLanguage":"de","@id":"https:\/\/solar.gistron.com\/de\/#\/schema\/logo\/image\/","url":"https:\/\/solar.gistron.com\/wp-content\/uploads\/2023\/02\/Icon-licht-grijs.png","contentUrl":"https:\/\/solar.gistron.com\/wp-content\/uploads\/2023\/02\/Icon-licht-grijs.png","width":112,"height":112,"caption":"Gistron B.V."},"image":{"@id":"https:\/\/solar.gistron.com\/de\/#\/schema\/logo\/image\/"}}]}},"_links":{"self":[{"href":"https:\/\/solar.gistron.com\/de\/wp-json\/wp\/v2\/pages\/14262","targetHints":{"allow":["GET"]}}],"collection":[{"href":"https:\/\/solar.gistron.com\/de\/wp-json\/wp\/v2\/pages"}],"about":[{"href":"https:\/\/solar.gistron.com\/de\/wp-json\/wp\/v2\/types\/page"}],"author":[{"embeddable":true,"href":"https:\/\/solar.gistron.com\/de\/wp-json\/wp\/v2\/users\/1"}],"replies":[{"embeddable":true,"href":"https:\/\/solar.gistron.com\/de\/wp-json\/wp\/v2\/comments?post=14262"}],"version-history":[{"count":9,"href":"https:\/\/solar.gistron.com\/de\/wp-json\/wp\/v2\/pages\/14262\/revisions"}],"predecessor-version":[{"id":14407,"href":"https:\/\/solar.gistron.com\/de\/wp-json\/wp\/v2\/pages\/14262\/revisions\/14407"}],"wp:attachment":[{"href":"https:\/\/solar.gistron.com\/de\/wp-json\/wp\/v2\/media?parent=14262"}],"curies":[{"name":"wp","href":"https:\/\/api.w.org\/{rel}","templated":true}]}}