{"id":10101,"date":"2022-10-04T14:09:09","date_gmt":"2022-10-04T12:09:09","guid":{"rendered":"https:\/\/cheapsolar24.nl\/product\/5kw-1-phasig-2-mppt\/"},"modified":"2023-11-16T23:07:17","modified_gmt":"2023-11-16T22:07:17","slug":"deye-sun-5k-sg03lp1-eu-5kw-1-phasig-2-mppt","status":"publish","type":"product","link":"https:\/\/solar.gistron.com\/de\/product\/deye-sun-5k-sg03lp1-eu-5kw-1-phasig-2-mppt\/","title":{"rendered":"Deye SUN-5K-SG03LP1-EU \u2013 5kW | 1-Phasig | 2 MPPT"},"content":{"rendered":"\t\t<div data-elementor-type=\"product-post\" data-elementor-id=\"10101\" class=\"elementor elementor-10101 elementor-10084\" data-elementor-post-type=\"product\">\n\t\t\t\t\t\t<section class=\"wd-negative-gap elementor-section elementor-top-section elementor-element elementor-element-0946f95 elementor-section-boxed elementor-section-height-default elementor-section-height-default\" data-id=\"0946f95\" data-element_type=\"section\">\n\t\t\t\t\t\t<div class=\"elementor-container elementor-column-gap-default\">\n\t\t\t\t\t<div class=\"elementor-column elementor-col-100 elementor-top-column elementor-element elementor-element-8df730f\" data-id=\"8df730f\" data-element_type=\"column\">\n\t\t\t<div class=\"elementor-widget-wrap elementor-element-populated\">\n\t\t\t\t\t\t<div class=\"elementor-element elementor-element-d01e28e elementor-widget elementor-widget-wd_text_block\" data-id=\"d01e28e\" data-element_type=\"widget\" data-widget_type=\"wd_text_block.default\">\n\t\t\t\t<div class=\"elementor-widget-container\">\n\t\t\t\t\t\t\t<div class=\"wd-text-block reset-last-child text-left\">\n\t\t\t\n\t\t\t<ul><li><span style=\"color: #000000;\">Farb-Touch-LCD, Schutzart IP65<\/span><\/li><li><span style=\"color: #000000;\">Inklusive externem WLAN-Datenlogger<\/span><\/li><li><span style=\"color: #000000;\">Zero-Export-Anwendung, VSG-Anwendung<\/span><\/li><li><span style=\"color: #000000; font-size: 14px; background-color: transparent;\">Bis zu 16 St\u00fcck parallel f\u00fcr netzgekoppelten und netzunabh\u00e4ngigen Betrieb, unterst\u00fctzen mehrere Batterien parallel<\/span><\/li><li><span style=\"color: #000000;\">max. Lade-\/Entladestrom von 120A<\/span><\/li><li><span style=\"color: #000000;\">6 Zeitr\u00e4ume zum Laden\/Entladen des Akkus<\/span><\/li><li><span style=\"color: #000000;\">Unterst\u00fctzung beim Energiesparen des Dieselgenerators<\/span><\/li><\/ul>\n\t\t\t\t\t<\/div>\n\t\t\t\t\t\t<\/div>\n\t\t\t\t<\/div>\n\t\t\t\t\t<\/div>\n\t\t<\/div>\n\t\t\t\t\t<\/div>\n\t\t<\/section>\n\t\t\t\t<section class=\"wd-negative-gap elementor-section elementor-top-section elementor-element elementor-element-4dc9b96 elementor-section-boxed elementor-section-height-default elementor-section-height-default\" data-id=\"4dc9b96\" data-element_type=\"section\">\n\t\t\t\t\t\t<div class=\"elementor-container elementor-column-gap-default\">\n\t\t\t\t\t<div class=\"elementor-column elementor-col-50 elementor-top-column elementor-element elementor-element-303272d5\" data-id=\"303272d5\" data-element_type=\"column\">\n\t\t\t<div class=\"elementor-widget-wrap elementor-element-populated\">\n\t\t\t\t\t\t<div class=\"elementor-element elementor-element-3da30ce6 elementor-widget elementor-widget-html\" data-id=\"3da30ce6\" data-element_type=\"widget\" data-widget_type=\"html.default\">\n\t\t\t\t<div class=\"elementor-widget-container\">\n\t\t\t\t\t\n<table class=\"producttable\">\n    <tr>\n        <th colspan=\"2\">\nEINGANGSDATEN (DC) <\/th>\n    <\/tr>\n    <tr>\n        <td>Maximale DC-Eingangsleistung <\/td>\n        <td>6,5kW<\/td>\n    <\/tr>\n    <tr>\n        <td>Maximale DC-Eingangsspannung<\/td>\n        <td>125V-500V<\/td>\n    <\/tr>\n    <tr>\n        <td>Start-DC-Eingangsspannung<\/td>\n        <td>125V<\/td>\n    <\/tr>\n    <tr>\n        <td>MPPT-Arbeitsbereich<\/td>\n        <td>150V-425V<\/td>\n    <\/tr>\n    <tr>\n        <td>Volllast-DC-Spannungsbereich <\/td>\n        <td>300V-425V<\/td>\n    <\/tr>\n    <tr>\n        <td>DC-Eingangsstrom<\/td>\n        <td>13+13A<\/td>\n    <\/tr>\n        <tr>\n        <td>Maximaler DC-ISC<\/td>\n        <td>17+17A<\/td>\n    <\/tr>\n    <tr>\n        <td>Anzahl MPPT<\/td>\n        <td>2<\/td>\n    <\/tr>\n    <tr>\n        <td>Strings pro MPPT<\/td>\n        <td>1+1<\/td>\n    <\/tr>\n<\/table>\n<table class=\"producttable\">\n    <tr>\n        <th colspan=\"2\">AUSGANGSDATEN (AC)<\/th>\n    <\/tr>\n    <tr>\n        <td>Nenn-AC-Ausgangsleistung und USV-Leistung<\/td>\n        <td>5kW<\/td>\n    <\/tr>\n    <tr>\n        <td>Maximale Wirkleistung<\/td>\n        <td>5,5kW<\/td>\n    <\/tr>\n    <tr>\n        <td>Spitzenleistung (netzunabh\u00e4ngig)<\/td>\n        <td>2-fache Nennleistung, 10 Sek<\/td>\n    <\/tr>\n    <tr>\n        <td>AC-Ausgangsnennstrom<\/td>\n        <td>22.7A<\/td>\n    <\/tr>\n    <tr>\n        <td>Maximaler Wechselstrom<\/td>\n        <td>25A<\/td>\n    <\/tr>\n    <tr>\n        <td>Maximaler kontinuierlicher AC-Durchsatz<\/td>\n        <td>35A<\/td>\n    <\/tr>\n    <tr>\n        <td>Ausgangsfrequenz und Spannung<\/td>\n        <td>50\/60Hz; 220\/230 \/ 240 Vac (einphasig)<\/td>\n    <\/tr>\n    <tr>\n        <td>Rastertyp<\/td>\n        <td>1 Phasig<\/td>\n    <\/tr>\n        <tr>\n        <td>Leistungsfaktor<\/td>\n        <td>0,8 f\u00fchrt zu 0,8 verz\u00f6gert<\/td>\n    <\/tr>\n    <tr>\n        <td>Aktuelle harmonische Verzerrung<\/td>\n        <td>THD&lt;3% (Lineare Last&lt;1,5%)<\/td>\n    <\/tr>\n<\/table>\n<table class=\"producttable\">\n    <tr>\n        <th colspan=\"2\">BATTERIEKOMPATIBILIT\u00c4T<\/th>\n    <\/tr>\n    <tr>\n        <td>Geeignete Batterietypen<\/td>\n        <td>Bleis\u00e4ure oder Lithium-Ion<\/td>\n    <\/tr>\n    <tr>\n        <td>Batteriespannungsbereich <\/td>\n        <td>40~60V<\/td>\n    <\/tr>\n    <tr>\n        <td>Maximaler Ladestrom<\/td>\n        <td>120A<\/td>\n    <\/tr>\n    <tr>\n        <td>Maximaler Entladestrom<\/td>\n        <td>120A<\/td>\n    <\/tr>\n    <tr>\n        <td>Ladekurve<\/td>\n        <td>3 Phasen<\/td>\n    <\/tr>\n    <tr>\n        <td>Ladestrategie f\u00fcr Li-Ion-Akkus<\/td>\n        <td>Selbstanpassung an BMS<\/td>\n<\/table>\n\n\n\t\t\t\t<\/div>\n\t\t\t\t<\/div>\n\t\t\t\t\t<\/div>\n\t\t<\/div>\n\t\t\t\t<div class=\"elementor-column elementor-col-50 elementor-top-column elementor-element elementor-element-343584ba\" data-id=\"343584ba\" data-element_type=\"column\">\n\t\t\t<div class=\"elementor-widget-wrap elementor-element-populated\">\n\t\t\t\t\t\t<div class=\"elementor-element elementor-element-4338c3c1 elementor-widget elementor-widget-html\" data-id=\"4338c3c1\" data-element_type=\"widget\" data-widget_type=\"html.default\">\n\t\t\t\t<div class=\"elementor-widget-container\">\n\t\t\t\t\t\n<table class=\"producttable\">\n    <tr>\n        <th colspan=\"2\">SCHUTZ<\/th>\n    <\/tr>\n    <tr>\n        <td>DC-Blitzschutz<\/td>\n        <td>Ja<\/td>\n    <\/tr>\n    <tr>\n        <td>DC-Verpolungsschutz<\/td>\n        <td>Ja<\/td>\n    <\/tr>\n        <tr>\n        <td>Anti-Islanding-Schutz<\/td>\n        <td>Ja<\/td>\n    <\/tr>\n    <tr>\n        <td>Isolationswiderstandserkennung<\/td>\n        <td>Ja<\/td>\n    <\/tr>\n    <tr>\n        <td>Fehlerstrom-\u00dcberwachungseinheit<\/td>\n        <td>Ja<\/td>\n    <\/tr>\n    <tr>\n        <td>Wechselstrombegrenzung<\/td>\n        <td>Ja<\/td>\n    <\/tr>\n    <tr>\n        <td>AC-Kurzschlussschutz<\/td>\n        <td>Ja<\/td>\n    <\/tr>\n    <tr>\n        <td>AC-\u00dcberspannungsschutz<\/td>\n        <td>Ja<\/td>\n    <\/tr>\n\n    <tr>\n        <td>\u00dcberspannungsschutz<\/td>\n        <td>DC-Typ II \/ AC-Typ III<\/td>\n    <\/tr>\n<\/table><table class=\"producttable\">\n    <tr>\n        <th colspan=\"2\">EFFIZIENZ<\/th>\n    <\/tr>\n    <tr>\n        <td>Max.Effizienz<\/td>\n        <td>97.6%<\/td>\n    <\/tr>\n    <tr>\n        <td>Euro-Effizienz<\/td>\n        <td>96,5%<\/td>\n    <\/tr>\n    <tr>\n        <td>MPPT-Effizienz<\/td>\n        <td>&gt;99.9%<\/td>\n    <\/tr>\n<\/table>\n<table class=\"producttable\">\n    <tr>\n        <th colspan=\"2\">ALLGEMEINE INFORMATIONEN <\/th>\n    <\/tr>\n    <tr>\n        <td>Breite<\/td>\n        <td>330 mm<\/td>\n    <\/tr>\n        <tr>\n        <td>H\u00f6he<\/td>\n        <td>580 mm<\/td>\n    <\/tr>\n        <tr>\n        <td>Tiefe<\/td>\n        <td>232 mm<\/td>\n    <\/tr>\n    <tr>\n        <td>Gewicht<\/td>\n        <td>20,5 KG<\/td>\n    <\/tr>\n    <tr>\n        <td>Betriebstemperatur<\/td>\n        <td>-25~60\u00b0C\uff0c&gt;45\u00b0C reduzierter Wirkungsgrad <\/td>\n    <\/tr>\n    <tr>\n        <td>Schutzklasse<\/td>\n        <td>IP65<\/td>\n    <\/tr>\n    <tr>\n        <td>L\u00e4rmemission<\/td>\n        <td>&lt;30 dB<\/td>\n    <\/tr>\n    <tr>\n        <td>K\u00fchltyp<\/td>\n        <td>Intelligente K\u00fchlung<\/td>\n    <\/tr>\n\t<tr>\n        <td>Netzanschluss Standard<\/td>\n        <td>VDE 0126, AS4777, NRS2017, G98, G99, IEC61683, IEC62116, IEC61727, RD1699: 2011, XP C15-712-3: 2019-05<\/td>\n    <\/tr>\n     <tr>\n        <td>Sicherheit EMV\/Norm<\/td>\n        <td>IEC62109-1, IEC62109-2, EN61000-6-1, EN61000-6-3<\/td>\n    <\/tr>\n\t<tr>\n        <td>Kommunikation<\/td>\n        <td>RS485, CAN, WLAN<br>Ethernet (<b>optionaler Stick erforderlich)<\/b><\/td>\n    <\/tr>\n    \t<tr>\n        <td>Inklusive Zubeh\u00f6r<\/td>\n        <td>WiFi Logger-Stick<\/td>\n    <\/tr>\n    \t<tr>\n        <td>Installationsoption<\/td>\n        <td>Wandmontage<\/td>\n    <\/tr>\n<\/table>\n\n\t\t\t\t<\/div>\n\t\t\t\t<\/div>\n\t\t\t\t\t<\/div>\n\t\t<\/div>\n\t\t\t\t\t<\/div>\n\t\t<\/section>\n\t\t\t\t<\/div>\n\t\t","protected":false},"excerpt":{"rendered":"<p><img loading=\"lazy\" decoding=\"async\" class=\"alignnone wp-image-8840\" src=\"\/wp-content\/uploads\/2022\/09\/Deye.png\" alt=\"Deye hybride omvormer 5kW\" width=\"100\" height=\"39\"><br \/>\nModell: <span style=\"color: #000000;\"><strong>SUN-5K-SG03LP1-EU<\/strong><\/span><br \/>\n<span style=\"color: #808080;\">Handbuch: <span style=\"color: #000000;\"><strong><a style=\"color: #000000;\" href=\"https:\/\/solar.gistron.com\/wp-content\/uploads\/2022\/10\/SUN-5K-SG03LP1-EU.pdf\">Download<\/a><\/strong><\/span><\/span><\/p>\n","protected":false},"featured_media":14611,"template":"","meta":[],"product_brand":[],"product_cat":[287],"product_tag":[],"class_list":{"0":"post-10101","1":"product","2":"type-product","3":"status-publish","4":"has-post-thumbnail","6":"product_cat-1-phasen-hybrid-wechselrichter","7":"product_shipping_class-tot-30kg","9":"first","10":"outofstock","11":"taxable","12":"shipping-taxable","13":"purchasable","14":"product-type-simple"},"yoast_head":"<!-- This site is optimized with the Yoast SEO Premium plugin v26.7 (Yoast SEO v26.7) - https:\/\/yoast.com\/wordpress\/plugins\/seo\/ -->\n<title>Deye SUN-5K-SG03LP1-EU Hybrid-Wechselrichter 5kW<\/title>\n<meta name=\"description\" content=\"Deye SUN-5K-SG03LP1-EU Hybrid-Wechselrichter 5kW \u25aa\ufe0f 1-Phasig \u25aa\ufe0f 2-MPPT \u25aa\ufe0f Farb-Touch-LCD \u25aa\ufe0f Inklusive externem WiFi-Datenlogger \u25aa\ufe0f Sofort verf\u00fcgbar\" \/>\n<meta name=\"robots\" content=\"index, follow, max-snippet:-1, max-image-preview:large, max-video-preview:-1\" \/>\n<link rel=\"canonical\" href=\"https:\/\/solar.gistron.com\/de\/product\/deye-sun-5k-sg03lp1-eu-5kw-1-phasig-2-mppt\/\" \/>\n<meta property=\"og:locale\" content=\"de_DE\" \/>\n<meta property=\"og:type\" content=\"article\" \/>\n<meta property=\"og:title\" content=\"Deye SUN-5K-SG03LP1-EU \u2013 5kW | 1-Phasig | 2 MPPT\" \/>\n<meta property=\"og:description\" content=\"Deye SUN-5K-SG03LP1-EU Hybrid-Wechselrichter 5kW \u25aa\ufe0f 1-Phasig \u25aa\ufe0f 2-MPPT \u25aa\ufe0f Farb-Touch-LCD \u25aa\ufe0f Inklusive externem WiFi-Datenlogger \u25aa\ufe0f Sofort verf\u00fcgbar\" \/>\n<meta property=\"og:url\" content=\"https:\/\/solar.gistron.com\/de\/product\/deye-sun-5k-sg03lp1-eu-5kw-1-phasig-2-mppt\/\" \/>\n<meta property=\"og:site_name\" content=\"Gistron Solar\" \/>\n<meta property=\"article:modified_time\" content=\"2023-11-16T22:07:17+00:00\" \/>\n<meta property=\"og:image\" content=\"https:\/\/solar.gistron.com\/wp-content\/uploads\/2022\/10\/SUN-5K-SG03LP1-EU-1.jpg\" \/>\n\t<meta property=\"og:image:width\" content=\"1024\" \/>\n\t<meta property=\"og:image:height\" content=\"1024\" \/>\n\t<meta property=\"og:image:type\" content=\"image\/jpeg\" \/>\n<script type=\"application\/ld+json\" class=\"yoast-schema-graph\">{\"@context\":\"https:\/\/schema.org\",\"@graph\":[{\"@type\":\"WebPage\",\"@id\":\"https:\/\/solar.gistron.com\/de\/product\/deye-sun-5k-sg03lp1-eu-5kw-1-phasig-2-mppt\/\",\"url\":\"https:\/\/solar.gistron.com\/de\/product\/deye-sun-5k-sg03lp1-eu-5kw-1-phasig-2-mppt\/\",\"name\":\"Deye SUN-5K-SG03LP1-EU Hybrid-Wechselrichter 5kW\",\"isPartOf\":{\"@id\":\"https:\/\/solar.gistron.com\/de\/#website\"},\"primaryImageOfPage\":{\"@id\":\"https:\/\/solar.gistron.com\/de\/product\/deye-sun-5k-sg03lp1-eu-5kw-1-phasig-2-mppt\/#primaryimage\"},\"image\":{\"@id\":\"https:\/\/solar.gistron.com\/de\/product\/deye-sun-5k-sg03lp1-eu-5kw-1-phasig-2-mppt\/#primaryimage\"},\"thumbnailUrl\":\"https:\/\/solar.gistron.com\/wp-content\/uploads\/2022\/10\/SUN-5K-SG03LP1-EU-1.jpg\",\"datePublished\":\"2022-10-04T12:09:09+00:00\",\"dateModified\":\"2023-11-16T22:07:17+00:00\",\"description\":\"Deye SUN-5K-SG03LP1-EU Hybrid-Wechselrichter 5kW \u25aa\ufe0f 1-Phasig \u25aa\ufe0f 2-MPPT \u25aa\ufe0f Farb-Touch-LCD \u25aa\ufe0f Inklusive externem WiFi-Datenlogger \u25aa\ufe0f Sofort verf\u00fcgbar\",\"breadcrumb\":{\"@id\":\"https:\/\/solar.gistron.com\/de\/product\/deye-sun-5k-sg03lp1-eu-5kw-1-phasig-2-mppt\/#breadcrumb\"},\"inLanguage\":\"de\",\"potentialAction\":[{\"@type\":\"ReadAction\",\"target\":[\"https:\/\/solar.gistron.com\/de\/product\/deye-sun-5k-sg03lp1-eu-5kw-1-phasig-2-mppt\/\"]}]},{\"@type\":\"ImageObject\",\"inLanguage\":\"de\",\"@id\":\"https:\/\/solar.gistron.com\/de\/product\/deye-sun-5k-sg03lp1-eu-5kw-1-phasig-2-mppt\/#primaryimage\",\"url\":\"https:\/\/solar.gistron.com\/wp-content\/uploads\/2022\/10\/SUN-5K-SG03LP1-EU-1.jpg\",\"contentUrl\":\"https:\/\/solar.gistron.com\/wp-content\/uploads\/2022\/10\/SUN-5K-SG03LP1-EU-1.jpg\",\"width\":1024,\"height\":1024,\"caption\":\"Deye Hybrid-Wechselrichter SUN-5K-SG03LP1-EU 5\"},{\"@type\":\"BreadcrumbList\",\"@id\":\"https:\/\/solar.gistron.com\/de\/product\/deye-sun-5k-sg03lp1-eu-5kw-1-phasig-2-mppt\/#breadcrumb\",\"itemListElement\":[{\"@type\":\"ListItem\",\"position\":1,\"name\":\"Home\",\"item\":\"https:\/\/solar.gistron.com\/de\/\"},{\"@type\":\"ListItem\",\"position\":2,\"name\":\"shop\",\"item\":\"https:\/\/solar.gistron.com\/de\/winkel\/\"},{\"@type\":\"ListItem\",\"position\":3,\"name\":\"Deye SUN-5K-SG03LP1-EU \u2013 5kW | 1-Phasig | 2 MPPT\"}]},{\"@type\":\"WebSite\",\"@id\":\"https:\/\/solar.gistron.com\/de\/#website\",\"url\":\"https:\/\/solar.gistron.com\/de\/\",\"name\":\"Solar Gistron\",\"description\":\"Zonnepanelen, Omvormers en Thuis accus\",\"publisher\":{\"@id\":\"https:\/\/solar.gistron.com\/de\/#organization\"},\"potentialAction\":[{\"@type\":\"SearchAction\",\"target\":{\"@type\":\"EntryPoint\",\"urlTemplate\":\"https:\/\/solar.gistron.com\/de\/?s={search_term_string}\"},\"query-input\":{\"@type\":\"PropertyValueSpecification\",\"valueRequired\":true,\"valueName\":\"search_term_string\"}}],\"inLanguage\":\"de\"},{\"@type\":\"Organization\",\"@id\":\"https:\/\/solar.gistron.com\/de\/#organization\",\"name\":\"Gistron B.V.\",\"url\":\"https:\/\/solar.gistron.com\/de\/\",\"logo\":{\"@type\":\"ImageObject\",\"inLanguage\":\"de\",\"@id\":\"https:\/\/solar.gistron.com\/de\/#\/schema\/logo\/image\/\",\"url\":\"https:\/\/solar.gistron.com\/wp-content\/uploads\/2023\/02\/Icon-licht-grijs.png\",\"contentUrl\":\"https:\/\/solar.gistron.com\/wp-content\/uploads\/2023\/02\/Icon-licht-grijs.png\",\"width\":112,\"height\":112,\"caption\":\"Gistron B.V.\"},\"image\":{\"@id\":\"https:\/\/solar.gistron.com\/de\/#\/schema\/logo\/image\/\"}}]}<\/script>\n<meta property=\"product:price:amount\" content=\"999.15\" \/>\n<meta property=\"product:price:currency\" content=\"EUR\" \/>\n<meta property=\"og:availability\" content=\"out of stock\" \/>\n<meta property=\"product:availability\" content=\"out of stock\" \/>\n<meta property=\"product:retailer_item_id\" content=\"63384\" \/>\n<meta property=\"product:condition\" content=\"new\" \/>\n<!-- \/ Yoast SEO Premium plugin. -->","yoast_head_json":{"title":"Deye SUN-5K-SG03LP1-EU Hybrid-Wechselrichter 5kW","description":"Deye SUN-5K-SG03LP1-EU Hybrid-Wechselrichter 5kW \u25aa\ufe0f 1-Phasig \u25aa\ufe0f 2-MPPT \u25aa\ufe0f Farb-Touch-LCD \u25aa\ufe0f Inklusive externem WiFi-Datenlogger \u25aa\ufe0f Sofort verf\u00fcgbar","robots":{"index":"index","follow":"follow","max-snippet":"max-snippet:-1","max-image-preview":"max-image-preview:large","max-video-preview":"max-video-preview:-1"},"canonical":"https:\/\/solar.gistron.com\/de\/product\/deye-sun-5k-sg03lp1-eu-5kw-1-phasig-2-mppt\/","og_locale":"de_DE","og_type":"article","og_title":"Deye SUN-5K-SG03LP1-EU \u2013 5kW | 1-Phasig | 2 MPPT","og_description":"Deye SUN-5K-SG03LP1-EU Hybrid-Wechselrichter 5kW \u25aa\ufe0f 1-Phasig \u25aa\ufe0f 2-MPPT \u25aa\ufe0f Farb-Touch-LCD \u25aa\ufe0f Inklusive externem WiFi-Datenlogger \u25aa\ufe0f Sofort verf\u00fcgbar","og_url":"https:\/\/solar.gistron.com\/de\/product\/deye-sun-5k-sg03lp1-eu-5kw-1-phasig-2-mppt\/","og_site_name":"Gistron Solar","article_modified_time":"2023-11-16T22:07:17+00:00","og_image":[{"width":1024,"height":1024,"url":"https:\/\/solar.gistron.com\/wp-content\/uploads\/2022\/10\/SUN-5K-SG03LP1-EU-1.jpg","type":"image\/jpeg"}],"schema":{"@context":"https:\/\/schema.org","@graph":[{"@type":"WebPage","@id":"https:\/\/solar.gistron.com\/de\/product\/deye-sun-5k-sg03lp1-eu-5kw-1-phasig-2-mppt\/","url":"https:\/\/solar.gistron.com\/de\/product\/deye-sun-5k-sg03lp1-eu-5kw-1-phasig-2-mppt\/","name":"Deye SUN-5K-SG03LP1-EU Hybrid-Wechselrichter 5kW","isPartOf":{"@id":"https:\/\/solar.gistron.com\/de\/#website"},"primaryImageOfPage":{"@id":"https:\/\/solar.gistron.com\/de\/product\/deye-sun-5k-sg03lp1-eu-5kw-1-phasig-2-mppt\/#primaryimage"},"image":{"@id":"https:\/\/solar.gistron.com\/de\/product\/deye-sun-5k-sg03lp1-eu-5kw-1-phasig-2-mppt\/#primaryimage"},"thumbnailUrl":"https:\/\/solar.gistron.com\/wp-content\/uploads\/2022\/10\/SUN-5K-SG03LP1-EU-1.jpg","datePublished":"2022-10-04T12:09:09+00:00","dateModified":"2023-11-16T22:07:17+00:00","description":"Deye SUN-5K-SG03LP1-EU Hybrid-Wechselrichter 5kW \u25aa\ufe0f 1-Phasig \u25aa\ufe0f 2-MPPT \u25aa\ufe0f Farb-Touch-LCD \u25aa\ufe0f Inklusive externem WiFi-Datenlogger \u25aa\ufe0f Sofort verf\u00fcgbar","breadcrumb":{"@id":"https:\/\/solar.gistron.com\/de\/product\/deye-sun-5k-sg03lp1-eu-5kw-1-phasig-2-mppt\/#breadcrumb"},"inLanguage":"de","potentialAction":[{"@type":"ReadAction","target":["https:\/\/solar.gistron.com\/de\/product\/deye-sun-5k-sg03lp1-eu-5kw-1-phasig-2-mppt\/"]}]},{"@type":"ImageObject","inLanguage":"de","@id":"https:\/\/solar.gistron.com\/de\/product\/deye-sun-5k-sg03lp1-eu-5kw-1-phasig-2-mppt\/#primaryimage","url":"https:\/\/solar.gistron.com\/wp-content\/uploads\/2022\/10\/SUN-5K-SG03LP1-EU-1.jpg","contentUrl":"https:\/\/solar.gistron.com\/wp-content\/uploads\/2022\/10\/SUN-5K-SG03LP1-EU-1.jpg","width":1024,"height":1024,"caption":"Deye Hybrid-Wechselrichter SUN-5K-SG03LP1-EU 5"},{"@type":"BreadcrumbList","@id":"https:\/\/solar.gistron.com\/de\/product\/deye-sun-5k-sg03lp1-eu-5kw-1-phasig-2-mppt\/#breadcrumb","itemListElement":[{"@type":"ListItem","position":1,"name":"Home","item":"https:\/\/solar.gistron.com\/de\/"},{"@type":"ListItem","position":2,"name":"shop","item":"https:\/\/solar.gistron.com\/de\/winkel\/"},{"@type":"ListItem","position":3,"name":"Deye SUN-5K-SG03LP1-EU \u2013 5kW | 1-Phasig | 2 MPPT"}]},{"@type":"WebSite","@id":"https:\/\/solar.gistron.com\/de\/#website","url":"https:\/\/solar.gistron.com\/de\/","name":"Solar Gistron","description":"Zonnepanelen, Omvormers en Thuis accus","publisher":{"@id":"https:\/\/solar.gistron.com\/de\/#organization"},"potentialAction":[{"@type":"SearchAction","target":{"@type":"EntryPoint","urlTemplate":"https:\/\/solar.gistron.com\/de\/?s={search_term_string}"},"query-input":{"@type":"PropertyValueSpecification","valueRequired":true,"valueName":"search_term_string"}}],"inLanguage":"de"},{"@type":"Organization","@id":"https:\/\/solar.gistron.com\/de\/#organization","name":"Gistron B.V.","url":"https:\/\/solar.gistron.com\/de\/","logo":{"@type":"ImageObject","inLanguage":"de","@id":"https:\/\/solar.gistron.com\/de\/#\/schema\/logo\/image\/","url":"https:\/\/solar.gistron.com\/wp-content\/uploads\/2023\/02\/Icon-licht-grijs.png","contentUrl":"https:\/\/solar.gistron.com\/wp-content\/uploads\/2023\/02\/Icon-licht-grijs.png","width":112,"height":112,"caption":"Gistron B.V."},"image":{"@id":"https:\/\/solar.gistron.com\/de\/#\/schema\/logo\/image\/"}}]},"product_price_amount":"999.15","product_price_currency":"EUR","og_availability":"out of stock","product_availability":"out of stock","product_retailer_item_id":"63384","product_condition":"new"},"_links":{"self":[{"href":"https:\/\/solar.gistron.com\/de\/wp-json\/wp\/v2\/product\/10101","targetHints":{"allow":["GET"]}}],"collection":[{"href":"https:\/\/solar.gistron.com\/de\/wp-json\/wp\/v2\/product"}],"about":[{"href":"https:\/\/solar.gistron.com\/de\/wp-json\/wp\/v2\/types\/product"}],"version-history":[{"count":46,"href":"https:\/\/solar.gistron.com\/de\/wp-json\/wp\/v2\/product\/10101\/revisions"}],"predecessor-version":[{"id":17445,"href":"https:\/\/solar.gistron.com\/de\/wp-json\/wp\/v2\/product\/10101\/revisions\/17445"}],"wp:featuredmedia":[{"embeddable":true,"href":"https:\/\/solar.gistron.com\/de\/wp-json\/wp\/v2\/media\/14611"}],"wp:attachment":[{"href":"https:\/\/solar.gistron.com\/de\/wp-json\/wp\/v2\/media?parent=10101"}],"wp:term":[{"taxonomy":"product_brand","embeddable":true,"href":"https:\/\/solar.gistron.com\/de\/wp-json\/wp\/v2\/product_brand?post=10101"},{"taxonomy":"product_cat","embeddable":true,"href":"https:\/\/solar.gistron.com\/de\/wp-json\/wp\/v2\/product_cat?post=10101"},{"taxonomy":"product_tag","embeddable":true,"href":"https:\/\/solar.gistron.com\/de\/wp-json\/wp\/v2\/product_tag?post=10101"}],"curies":[{"name":"wp","href":"https:\/\/api.w.org\/{rel}","templated":true}]}}