{"id":15574,"date":"2023-04-17T12:53:17","date_gmt":"2023-04-17T10:53:17","guid":{"rendered":"https:\/\/solar.gistron.com\/product\/endkappe-mikro-wechselrichter-female\/"},"modified":"2024-11-13T11:31:23","modified_gmt":"2024-11-13T10:31:23","slug":"endkappe-mikro-wechselrichter-female","status":"publish","type":"product","link":"https:\/\/solar.gistron.com\/de\/product\/endkappe-mikro-wechselrichter-female\/","title":{"rendered":"Endkappe Mikro-Wechselrichter female"},"content":{"rendered":"\t\t<div data-elementor-type=\"product-post\" data-elementor-id=\"15574\" class=\"elementor elementor-15574 elementor-15538\" data-elementor-post-type=\"product\">\n\t\t\t\t\t\t<section class=\"wd-negative-gap elementor-section elementor-top-section elementor-element elementor-element-24cb624a elementor-section-boxed elementor-section-height-default elementor-section-height-default\" data-id=\"24cb624a\" data-element_type=\"section\">\n\t\t\t\t\t\t<div class=\"elementor-container elementor-column-gap-default\">\n\t\t\t\t\t<div class=\"elementor-column elementor-col-100 elementor-top-column elementor-element elementor-element-17b15613\" data-id=\"17b15613\" data-element_type=\"column\">\n\t\t\t<div class=\"elementor-widget-wrap elementor-element-populated\">\n\t\t\t\t\t\t<div class=\"elementor-element elementor-element-3aa35465 elementor-widget elementor-widget-html\" data-id=\"3aa35465\" data-element_type=\"widget\" data-widget_type=\"html.default\">\n\t\t\t\t<div class=\"elementor-widget-container\">\n\t\t\t\t\t\n<table class=\"producttable\">\n    <tr>\n        <th colspan=\"2\">\nEIGENSCHAFTEN<\/th>\n    <\/tr>\n    <tr>\n        <td>Kompatibilit\u00e4t <\/td>\n        <td>Endkappe passend f\u00fcr 1 Phase Micro Wechselrichter von (DEYE)\n<\/td>\n    <\/tr>\n    <tr>\n        <td>IP-Klassifizierung<\/td>\n        <td>Staub- und wasserdicht nach IP67\n<\/td>\n    <\/tr>\n    <tr>\n        <td>Platzierung<\/td>\n        <td>UV-best\u00e4ndig - geeignet f\u00fcr Innen- und Au\u00dfenmontage\n<\/td>\n    <\/tr>\n    <tr>\n        <td>Kappenverbindung<\/td>\n        <td>Female\n<\/td>\n    <\/tr>\n<\/table>\n\t\t\t\t<\/div>\n\t\t\t\t<\/div>\n\t\t\t\t\t<\/div>\n\t\t<\/div>\n\t\t\t\t\t<\/div>\n\t\t<\/section>\n\t\t\t\t<\/div>\n\t\t","protected":false},"excerpt":{"rendered":"<p>EIGENSCHAFTEN Kompatibilit\u00e4t Endkappe passend f\u00fcr 1 Phase Micro Wechselrichter von (DEYE) IP-Klassifizierung Staub- und wasserdicht nach IP67 Platzierung UV-best\u00e4ndig &#8211;<\/p>\n","protected":false},"featured_media":15550,"template":"","meta":[],"product_brand":[],"product_cat":[269],"product_tag":[],"class_list":{"0":"post-15574","1":"product","2":"type-product","3":"status-publish","4":"has-post-thumbnail","6":"product_cat-zubehoer","8":"first","9":"instock","10":"taxable","11":"shipping-taxable","12":"purchasable","13":"product-type-simple"},"yoast_head":"<!-- This site is optimized with the Yoast SEO Premium plugin v26.7 (Yoast SEO v26.7) - https:\/\/yoast.com\/wordpress\/plugins\/seo\/ -->\n<title>Endkappe Mikro-Wechselrichter (female)<\/title>\n<meta name=\"description\" content=\"Endkappe Mikro-Wechselrichter weiblich \u25aa\ufe0f Endkappe passend f\u00fcr 1 Phase Mikro-Wechselrichter von (DEYE) \u25aa\ufe0f IP-Klassifizierung IP67 \u25aa\ufe0f Anschlusskappe (Female)\" \/>\n<meta name=\"robots\" content=\"index, follow, max-snippet:-1, max-image-preview:large, max-video-preview:-1\" \/>\n<link rel=\"canonical\" href=\"https:\/\/solar.gistron.com\/de\/product\/endkappe-mikro-wechselrichter-female\/\" \/>\n<meta property=\"og:locale\" content=\"de_DE\" \/>\n<meta property=\"og:type\" content=\"article\" \/>\n<meta property=\"og:title\" content=\"Endkappe Mikro-Wechselrichter female\" \/>\n<meta property=\"og:description\" content=\"Endkappe Mikro-Wechselrichter weiblich \u25aa\ufe0f Endkappe passend f\u00fcr 1 Phase Mikro-Wechselrichter von (DEYE) \u25aa\ufe0f IP-Klassifizierung IP67 \u25aa\ufe0f Anschlusskappe (Female)\" \/>\n<meta property=\"og:url\" content=\"https:\/\/solar.gistron.com\/de\/product\/endkappe-mikro-wechselrichter-female\/\" \/>\n<meta property=\"og:site_name\" content=\"Gistron Solar\" \/>\n<meta property=\"article:modified_time\" content=\"2024-11-13T10:31:23+00:00\" \/>\n<meta property=\"og:image\" content=\"https:\/\/solar.gistron.com\/wp-content\/uploads\/2023\/04\/Eindkap-2.jpg\" \/>\n\t<meta property=\"og:image:width\" content=\"1024\" \/>\n\t<meta property=\"og:image:height\" content=\"1024\" \/>\n\t<meta property=\"og:image:type\" content=\"image\/jpeg\" \/>\n<script type=\"application\/ld+json\" class=\"yoast-schema-graph\">{\"@context\":\"https:\/\/schema.org\",\"@graph\":[{\"@type\":\"WebPage\",\"@id\":\"https:\/\/solar.gistron.com\/de\/product\/endkappe-mikro-wechselrichter-female\/\",\"url\":\"https:\/\/solar.gistron.com\/de\/product\/endkappe-mikro-wechselrichter-female\/\",\"name\":\"Endkappe Mikro-Wechselrichter (female)\",\"isPartOf\":{\"@id\":\"https:\/\/solar.gistron.com\/de\/#website\"},\"primaryImageOfPage\":{\"@id\":\"https:\/\/solar.gistron.com\/de\/product\/endkappe-mikro-wechselrichter-female\/#primaryimage\"},\"image\":{\"@id\":\"https:\/\/solar.gistron.com\/de\/product\/endkappe-mikro-wechselrichter-female\/#primaryimage\"},\"thumbnailUrl\":\"https:\/\/solar.gistron.com\/wp-content\/uploads\/2023\/04\/Eindkap-2.jpg\",\"datePublished\":\"2023-04-17T10:53:17+00:00\",\"dateModified\":\"2024-11-13T10:31:23+00:00\",\"description\":\"Endkappe Mikro-Wechselrichter weiblich \u25aa\ufe0f Endkappe passend f\u00fcr 1 Phase Mikro-Wechselrichter von (DEYE) \u25aa\ufe0f IP-Klassifizierung IP67 \u25aa\ufe0f Anschlusskappe (Female)\",\"breadcrumb\":{\"@id\":\"https:\/\/solar.gistron.com\/de\/product\/endkappe-mikro-wechselrichter-female\/#breadcrumb\"},\"inLanguage\":\"de\",\"potentialAction\":[{\"@type\":\"ReadAction\",\"target\":[\"https:\/\/solar.gistron.com\/de\/product\/endkappe-mikro-wechselrichter-female\/\"]}]},{\"@type\":\"ImageObject\",\"inLanguage\":\"de\",\"@id\":\"https:\/\/solar.gistron.com\/de\/product\/endkappe-mikro-wechselrichter-female\/#primaryimage\",\"url\":\"https:\/\/solar.gistron.com\/wp-content\/uploads\/2023\/04\/Eindkap-2.jpg\",\"contentUrl\":\"https:\/\/solar.gistron.com\/wp-content\/uploads\/2023\/04\/Eindkap-2.jpg\",\"width\":1024,\"height\":1024,\"caption\":\"Endkappe\"},{\"@type\":\"BreadcrumbList\",\"@id\":\"https:\/\/solar.gistron.com\/de\/product\/endkappe-mikro-wechselrichter-female\/#breadcrumb\",\"itemListElement\":[{\"@type\":\"ListItem\",\"position\":1,\"name\":\"Home\",\"item\":\"https:\/\/solar.gistron.com\/de\/\"},{\"@type\":\"ListItem\",\"position\":2,\"name\":\"shop\",\"item\":\"https:\/\/solar.gistron.com\/de\/winkel\/\"},{\"@type\":\"ListItem\",\"position\":3,\"name\":\"Endkappe Mikro-Wechselrichter female\"}]},{\"@type\":\"WebSite\",\"@id\":\"https:\/\/solar.gistron.com\/de\/#website\",\"url\":\"https:\/\/solar.gistron.com\/de\/\",\"name\":\"Solar Gistron\",\"description\":\"Zonnepanelen, Omvormers en Thuis accus\",\"publisher\":{\"@id\":\"https:\/\/solar.gistron.com\/de\/#organization\"},\"potentialAction\":[{\"@type\":\"SearchAction\",\"target\":{\"@type\":\"EntryPoint\",\"urlTemplate\":\"https:\/\/solar.gistron.com\/de\/?s={search_term_string}\"},\"query-input\":{\"@type\":\"PropertyValueSpecification\",\"valueRequired\":true,\"valueName\":\"search_term_string\"}}],\"inLanguage\":\"de\"},{\"@type\":\"Organization\",\"@id\":\"https:\/\/solar.gistron.com\/de\/#organization\",\"name\":\"Gistron B.V.\",\"url\":\"https:\/\/solar.gistron.com\/de\/\",\"logo\":{\"@type\":\"ImageObject\",\"inLanguage\":\"de\",\"@id\":\"https:\/\/solar.gistron.com\/de\/#\/schema\/logo\/image\/\",\"url\":\"https:\/\/solar.gistron.com\/wp-content\/uploads\/2023\/02\/Icon-licht-grijs.png\",\"contentUrl\":\"https:\/\/solar.gistron.com\/wp-content\/uploads\/2023\/02\/Icon-licht-grijs.png\",\"width\":112,\"height\":112,\"caption\":\"Gistron B.V.\"},\"image\":{\"@id\":\"https:\/\/solar.gistron.com\/de\/#\/schema\/logo\/image\/\"}}]}<\/script>\n<meta property=\"product:price:amount\" content=\"1.50\" \/>\n<meta property=\"product:price:currency\" content=\"EUR\" \/>\n<meta property=\"og:availability\" content=\"instock\" \/>\n<meta property=\"product:availability\" content=\"instock\" \/>\n<meta property=\"product:retailer_item_id\" content=\"64190\" \/>\n<meta property=\"product:condition\" content=\"new\" \/>\n<!-- \/ Yoast SEO Premium plugin. -->","yoast_head_json":{"title":"Endkappe Mikro-Wechselrichter (female)","description":"Endkappe Mikro-Wechselrichter weiblich \u25aa\ufe0f Endkappe passend f\u00fcr 1 Phase Mikro-Wechselrichter von (DEYE) \u25aa\ufe0f IP-Klassifizierung IP67 \u25aa\ufe0f Anschlusskappe (Female)","robots":{"index":"index","follow":"follow","max-snippet":"max-snippet:-1","max-image-preview":"max-image-preview:large","max-video-preview":"max-video-preview:-1"},"canonical":"https:\/\/solar.gistron.com\/de\/product\/endkappe-mikro-wechselrichter-female\/","og_locale":"de_DE","og_type":"article","og_title":"Endkappe Mikro-Wechselrichter female","og_description":"Endkappe Mikro-Wechselrichter weiblich \u25aa\ufe0f Endkappe passend f\u00fcr 1 Phase Mikro-Wechselrichter von (DEYE) \u25aa\ufe0f IP-Klassifizierung IP67 \u25aa\ufe0f Anschlusskappe (Female)","og_url":"https:\/\/solar.gistron.com\/de\/product\/endkappe-mikro-wechselrichter-female\/","og_site_name":"Gistron Solar","article_modified_time":"2024-11-13T10:31:23+00:00","og_image":[{"width":1024,"height":1024,"url":"https:\/\/solar.gistron.com\/wp-content\/uploads\/2023\/04\/Eindkap-2.jpg","type":"image\/jpeg"}],"schema":{"@context":"https:\/\/schema.org","@graph":[{"@type":"WebPage","@id":"https:\/\/solar.gistron.com\/de\/product\/endkappe-mikro-wechselrichter-female\/","url":"https:\/\/solar.gistron.com\/de\/product\/endkappe-mikro-wechselrichter-female\/","name":"Endkappe Mikro-Wechselrichter (female)","isPartOf":{"@id":"https:\/\/solar.gistron.com\/de\/#website"},"primaryImageOfPage":{"@id":"https:\/\/solar.gistron.com\/de\/product\/endkappe-mikro-wechselrichter-female\/#primaryimage"},"image":{"@id":"https:\/\/solar.gistron.com\/de\/product\/endkappe-mikro-wechselrichter-female\/#primaryimage"},"thumbnailUrl":"https:\/\/solar.gistron.com\/wp-content\/uploads\/2023\/04\/Eindkap-2.jpg","datePublished":"2023-04-17T10:53:17+00:00","dateModified":"2024-11-13T10:31:23+00:00","description":"Endkappe Mikro-Wechselrichter weiblich \u25aa\ufe0f Endkappe passend f\u00fcr 1 Phase Mikro-Wechselrichter von (DEYE) \u25aa\ufe0f IP-Klassifizierung IP67 \u25aa\ufe0f Anschlusskappe (Female)","breadcrumb":{"@id":"https:\/\/solar.gistron.com\/de\/product\/endkappe-mikro-wechselrichter-female\/#breadcrumb"},"inLanguage":"de","potentialAction":[{"@type":"ReadAction","target":["https:\/\/solar.gistron.com\/de\/product\/endkappe-mikro-wechselrichter-female\/"]}]},{"@type":"ImageObject","inLanguage":"de","@id":"https:\/\/solar.gistron.com\/de\/product\/endkappe-mikro-wechselrichter-female\/#primaryimage","url":"https:\/\/solar.gistron.com\/wp-content\/uploads\/2023\/04\/Eindkap-2.jpg","contentUrl":"https:\/\/solar.gistron.com\/wp-content\/uploads\/2023\/04\/Eindkap-2.jpg","width":1024,"height":1024,"caption":"Endkappe"},{"@type":"BreadcrumbList","@id":"https:\/\/solar.gistron.com\/de\/product\/endkappe-mikro-wechselrichter-female\/#breadcrumb","itemListElement":[{"@type":"ListItem","position":1,"name":"Home","item":"https:\/\/solar.gistron.com\/de\/"},{"@type":"ListItem","position":2,"name":"shop","item":"https:\/\/solar.gistron.com\/de\/winkel\/"},{"@type":"ListItem","position":3,"name":"Endkappe Mikro-Wechselrichter female"}]},{"@type":"WebSite","@id":"https:\/\/solar.gistron.com\/de\/#website","url":"https:\/\/solar.gistron.com\/de\/","name":"Solar Gistron","description":"Zonnepanelen, Omvormers en Thuis accus","publisher":{"@id":"https:\/\/solar.gistron.com\/de\/#organization"},"potentialAction":[{"@type":"SearchAction","target":{"@type":"EntryPoint","urlTemplate":"https:\/\/solar.gistron.com\/de\/?s={search_term_string}"},"query-input":{"@type":"PropertyValueSpecification","valueRequired":true,"valueName":"search_term_string"}}],"inLanguage":"de"},{"@type":"Organization","@id":"https:\/\/solar.gistron.com\/de\/#organization","name":"Gistron B.V.","url":"https:\/\/solar.gistron.com\/de\/","logo":{"@type":"ImageObject","inLanguage":"de","@id":"https:\/\/solar.gistron.com\/de\/#\/schema\/logo\/image\/","url":"https:\/\/solar.gistron.com\/wp-content\/uploads\/2023\/02\/Icon-licht-grijs.png","contentUrl":"https:\/\/solar.gistron.com\/wp-content\/uploads\/2023\/02\/Icon-licht-grijs.png","width":112,"height":112,"caption":"Gistron B.V."},"image":{"@id":"https:\/\/solar.gistron.com\/de\/#\/schema\/logo\/image\/"}}]},"product_price_amount":"1.50","product_price_currency":"EUR","og_availability":"instock","product_availability":"instock","product_retailer_item_id":"64190","product_condition":"new"},"_links":{"self":[{"href":"https:\/\/solar.gistron.com\/de\/wp-json\/wp\/v2\/product\/15574","targetHints":{"allow":["GET"]}}],"collection":[{"href":"https:\/\/solar.gistron.com\/de\/wp-json\/wp\/v2\/product"}],"about":[{"href":"https:\/\/solar.gistron.com\/de\/wp-json\/wp\/v2\/types\/product"}],"version-history":[{"count":2,"href":"https:\/\/solar.gistron.com\/de\/wp-json\/wp\/v2\/product\/15574\/revisions"}],"predecessor-version":[{"id":15578,"href":"https:\/\/solar.gistron.com\/de\/wp-json\/wp\/v2\/product\/15574\/revisions\/15578"}],"wp:featuredmedia":[{"embeddable":true,"href":"https:\/\/solar.gistron.com\/de\/wp-json\/wp\/v2\/media\/15550"}],"wp:attachment":[{"href":"https:\/\/solar.gistron.com\/de\/wp-json\/wp\/v2\/media?parent=15574"}],"wp:term":[{"taxonomy":"product_brand","embeddable":true,"href":"https:\/\/solar.gistron.com\/de\/wp-json\/wp\/v2\/product_brand?post=15574"},{"taxonomy":"product_cat","embeddable":true,"href":"https:\/\/solar.gistron.com\/de\/wp-json\/wp\/v2\/product_cat?post=15574"},{"taxonomy":"product_tag","embeddable":true,"href":"https:\/\/solar.gistron.com\/de\/wp-json\/wp\/v2\/product_tag?post=15574"}],"curies":[{"name":"wp","href":"https:\/\/api.w.org\/{rel}","templated":true}]}}