{"id":16095,"date":"2023-05-31T12:53:29","date_gmt":"2023-05-31T10:53:29","guid":{"rendered":"https:\/\/solar.gistron.com\/product\/hetech-solarmodul-400wp\/"},"modified":"2026-04-10T10:01:01","modified_gmt":"2026-04-10T08:01:01","slug":"hetech-solarmodul-400wp","status":"publish","type":"product","link":"https:\/\/solar.gistron.com\/de\/product\/hetech-solarmodul-400wp\/","title":{"rendered":"Hetech Solarmodul 400Wp"},"content":{"rendered":"\t\t<div data-elementor-type=\"product-post\" data-elementor-id=\"16095\" class=\"elementor elementor-16095 elementor-16062\" data-elementor-post-type=\"product\">\n\t\t\t\t\t\t<section class=\"wd-negative-gap elementor-section elementor-top-section elementor-element elementor-element-2b8bf818 elementor-section-boxed elementor-section-height-default elementor-section-height-default\" data-id=\"2b8bf818\" data-element_type=\"section\">\n\t\t\t\t\t\t<div class=\"elementor-container elementor-column-gap-default\">\n\t\t\t\t\t<div class=\"elementor-column elementor-col-100 elementor-top-column elementor-element elementor-element-609ad01c\" data-id=\"609ad01c\" data-element_type=\"column\">\n\t\t\t<div class=\"elementor-widget-wrap elementor-element-populated\">\n\t\t\t\t\t\t<div class=\"elementor-element elementor-element-bd2406a elementor-widget elementor-widget-wd_text_block\" data-id=\"bd2406a\" data-element_type=\"widget\" data-widget_type=\"wd_text_block.default\">\n\t\t\t\t<div class=\"elementor-widget-container\">\n\t\t\t\t\t\t\t<div class=\"wd-text-block reset-last-child text-left\">\n\t\t\t\n\t\t\t<ul><li><span style=\"color: #333333;\">Das halbgeschnittene Zellendesign sorgt f\u00fcr eine h\u00f6here Effizienz<\/span><br><span style=\"color: #333333;\">Optimierte Leistungsabgabe unter Schattenbedingungen zwischen den Reihen<\/span><br><span style=\"color: #333333;\">Niedrige W\u00e4rmekoeffizienten f\u00fcr h\u00f6here Energieausbeute bei erh\u00f6hten Betriebstemperaturen<\/span><br><span style=\"color: #333333;\">Weniger Verbindungsverluste<\/span><\/li><li><span style=\"color: #333333;\">10Bus-Bar-Technologie reduziert den Abstand zwischen Bussen<\/span><br><span style=\"color: #333333;\">St\u00e4be und Fingergitterlinie, was sich positiv auf die Leistungssteigerung auswirkt.<\/span><\/li><li><span style=\"color: #333333;\">H\u00f6here Leistungsausbeute \u00fcber die gesamte Lebensdauer<\/span><br><span style=\"color: #333333;\">1 % Abbau im ersten Jahr, 0,55 % linearer Abbau.<\/span><\/li><li><span style=\"color: #333333;\">Zertifiziert, um rauen Umgebungsbedingungen standzuhalten<\/span><br><span style=\"color: #333333;\">Blendfreie und schmutzabweisende Oberfl\u00e4che minimiert Leistungsverluste durch Schmutz und Staub<\/span><br><span style=\"color: #333333;\">Starke Best\u00e4ndigkeit gegen Salzspr\u00fchnebel, Ammoniak und aufgewirbelten Sand, f\u00fcr den Einsatz am Meer,<\/span><br><span style=\"color: #333333;\">Bauernhof- und W\u00fcstenumgebungen<\/span><br><span style=\"color: #333333;\">Hervorragende mechanische Belastbarkeit von 2400 Pa und Schneelast von 5400 Pa<\/span><\/li><\/ul>\n\t\t\t\t\t<\/div>\n\t\t\t\t\t\t<\/div>\n\t\t\t\t<\/div>\n\t\t\t\t\t<\/div>\n\t\t<\/div>\n\t\t\t\t\t<\/div>\n\t\t<\/section>\n\t\t\t\t<section class=\"wd-negative-gap elementor-section elementor-top-section elementor-element elementor-element-20d9370 elementor-section-boxed elementor-section-height-default elementor-section-height-default\" data-id=\"20d9370\" data-element_type=\"section\">\n\t\t\t\t\t\t<div class=\"elementor-container elementor-column-gap-default\">\n\t\t\t\t\t<div class=\"elementor-column elementor-col-100 elementor-top-column elementor-element elementor-element-2a3b768\" data-id=\"2a3b768\" data-element_type=\"column\">\n\t\t\t<div class=\"elementor-widget-wrap\">\n\t\t\t\t\t\t\t<\/div>\n\t\t<\/div>\n\t\t\t\t\t<\/div>\n\t\t<\/section>\n\t\t\t\t<section class=\"wd-negative-gap elementor-section elementor-top-section elementor-element elementor-element-1f8bae0f elementor-section-boxed elementor-section-height-default elementor-section-height-default\" data-id=\"1f8bae0f\" data-element_type=\"section\">\n\t\t\t\t\t\t<div class=\"elementor-container elementor-column-gap-default\">\n\t\t\t\t\t<div class=\"elementor-column elementor-col-50 elementor-top-column elementor-element elementor-element-7c261171\" data-id=\"7c261171\" data-element_type=\"column\">\n\t\t\t<div class=\"elementor-widget-wrap elementor-element-populated\">\n\t\t\t\t\t\t<div class=\"elementor-element elementor-element-2ec96fd3 elementor-widget elementor-widget-html\" data-id=\"2ec96fd3\" data-element_type=\"widget\" data-widget_type=\"html.default\">\n\t\t\t\t<div class=\"elementor-widget-container\">\n\t\t\t\t\t<table class=\"producttable\">\n    <tr>\n        <th colspan=\"2\">ELEKTRISCHE EIGENSCHAFTEN (STC)\n<\/th>\n    <\/tr>\n    <tr>\n        <td>Maximale Leistung <\/td>\n        <td>400W<\/td>\n    <\/tr>\n    <tr>\n        <td>Leerlaufspannung<\/td>\n        <td>37,07V<\/td>\n    <\/tr>\n    <tr>\n        <td>Kurzschlussspannung<\/td>\n        <td>13,79A<\/td>\n    <\/tr>\n    <tr>\n        <td>Spannung bei maximaler Leistung<\/td>\n        <td>31,01V<\/td>\n    <\/tr>\n    <tr>\n        <td>Strom bei maximaler Leistung<\/td>\n        <td>12,90A<\/td>\n    <\/tr>\n    <tr>\n        <td>Panel-Effizienz<\/td>\n        <td>20,49%<\/td>\n    <\/tr>\n<\/table>\n<table class=\"producttable\">\n    <tr>\n        <th colspan=\"2\">ELEKTRISCHE EIGENSCHAFTEN (NOCT)<\/th>\n    <\/tr>\n    <tr>\n        <td>Maximale Leistung <\/td>\n        <td>302W<\/td>\n    <\/tr>\n    <tr>\n        <td>Leerlaufspannung<\/td>\n        <td>34,88V<\/td>\n    <\/tr>\n    <tr>\n        <td>Kurzschlussspannung<\/td>\n        <td>11,03A<\/td>\n    <\/tr>\n    <tr>\n        <td>Spannung bei maximaler Leistung<\/td>\n        <td>29,26V<\/td>\n    <\/tr>\n    <tr>\n        <td>Strom bei maximaler Leistung<\/td>\n        <td>10,32A<\/td>\n    <\/tr>\n<\/table>\n\t\t\t\t<\/div>\n\t\t\t\t<\/div>\n\t\t\t\t\t<\/div>\n\t\t<\/div>\n\t\t\t\t<div class=\"elementor-column elementor-col-50 elementor-top-column elementor-element elementor-element-6c9f0053\" data-id=\"6c9f0053\" data-element_type=\"column\">\n\t\t\t<div class=\"elementor-widget-wrap elementor-element-populated\">\n\t\t\t\t\t\t<div class=\"elementor-element elementor-element-16dd8793 elementor-widget elementor-widget-html\" data-id=\"16dd8793\" data-element_type=\"widget\" data-widget_type=\"html.default\">\n\t\t\t\t<div class=\"elementor-widget-container\">\n\t\t\t\t\t<table class=\"producttable\">\n    <tr>\n        <th colspan=\"2\">PANEL-FUNKTIONEN<\/th>\n    <\/tr>\n    <tr>\n        <td>Zelltyp<\/td>\n        <td>Monokristallines PERC 182 x 91 mm<\/td>\n    <\/tr>\n    <tr>\n        <td>Anzahl der Zellen<\/td>\n        <td>108<\/td>\n    <\/tr>\n    <tr>\n        <td>Platte (L\u00e4nge)<\/td>\n        <td>1722 mm<\/td>\n    <\/tr>\n    <tr>\n        <td>Panel (Breite)<\/td>\n        <td>1134 mm<\/td>\n    <\/tr>\n    <tr>\n        <td>Platte (H\u00f6he)<\/td>\n        <td>30 mm<\/td>\n    <\/tr>\n    <tr>\n        <td>Gewicht<\/td>\n        <td>20.5 kg<\/td>\n    <\/tr>\n    <tr>\n        <td>Plattenoberfl\u00e4che<\/td>\n        <td>3,2 mm dickes geh\u00e4rtetes Glas mit hoher Lichtdurchl\u00e4ssigkeit<\/td>\n    <\/tr>\n    <tr>\n        <td>Material des Rahmens<\/td>\n        <td>Eloxierte Aluminiumlegierung<\/td>\n    <\/tr>\n        <tr>\n        <td>Farbe des Rahmens<\/td>\n        <td>Schwarz<\/td>\n    <\/tr>\n        <tr>\n        <td>Farbe der R\u00fcckwand<\/td>\n        <td>Schwarz<\/td>\n    <\/tr>\n\t<tr>\n        <td>Anschlussdose<\/td>\n        <td>Nennstrom: 15A, IP67, T\u00dcV<\/td>\n    <\/tr>\n    <tr>\n        <td>Steckertyp<\/td>\n        <td>MC4 oder MC4 kompatibel<\/td>\n    <\/tr>\n        <td>Kabeldurchmesser<\/td>\n        <td>4 mm\u00b2<\/td>\n    <\/tr>\n       <tr>\n        <td>Kabell\u00e4nge<\/td>\n        <td>300 mm<\/td>\n    <\/tr>\n    <tr>\n        <td>Ausrichtung der Kabel<\/td>\n        <td>Portr\u00e4t<\/td>\n    <\/tr>\n       <tr>\n        <td>Sicherungswert<\/td>\n        <td>20A<\/td>\n    <\/tr>\n<\/table>\n\n<table class=\"producttable\">\n    <tr>\n        <th colspan=\"2\">TEMPERATURCHARAKTERISTIK<\/th>\n    <\/tr>\n    <tr>\n        <td>Nennbetriebstemperatur der Zelle (NOCT)<\/td>\n        <td>45\u00b0C\u00b12\u00b0C<\/td>\n    <\/tr>\n    <tr>\n        <td>Temperaturkoeffizient von Voc<\/td>\n        <td>-0.29%\/\u00b0C<\/td>\n    <\/tr>\n    <tr>\n        <td>Temperaturkoeffizient von Isc<\/td>\n        <td>0.033%\/\u00b0C<\/td>\n    <\/tr>    <tr>\n        <td>Temperaturkoeffizient von Pm<\/td>\n        <td>-0.39%\/\u00b0C<\/td>\n    <\/tr>\n      <tr>\n        <td>Betriebstemperatur<\/td>\n        <td>-40\u00b0C ~ +85\u00b0C<\/td>\n    <\/tr>\n<\/table>\t\t\t\t<\/div>\n\t\t\t\t<\/div>\n\t\t\t\t\t<\/div>\n\t\t<\/div>\n\t\t\t\t\t<\/div>\n\t\t<\/section>\n\t\t\t\t<\/div>\n\t\t","protected":false},"excerpt":{"rendered":"<p><img loading=\"lazy\" decoding=\"async\" class=\"alignnone wp-image-16066\" src=\"https:\/\/solar.gistron.com\/wp-content\/uploads\/2023\/05\/Hetechpower-logo.jpg\" alt=\"\" width=\"150\" height=\"22\" srcset=\"https:\/\/solar.gistron.com\/wp-content\/uploads\/2023\/05\/Hetechpower-logo.jpg 230w, https:\/\/solar.gistron.com\/wp-content\/uploads\/2023\/05\/Hetechpower-logo-150x22.jpg 150w\" sizes=\"auto, (max-width: 150px) 100vw, 150px\" \/><br \/>\nModell: <strong><span style=\"color: #333333;\">HET-400M8S54AH<\/span><\/strong><\/p>\n","protected":false},"featured_media":16065,"template":"","meta":[],"product_brand":[],"product_cat":[267],"product_tag":[],"class_list":{"0":"post-16095","1":"product","2":"type-product","3":"status-publish","4":"has-post-thumbnail","6":"product_cat-solarmodule","7":"product_shipping_class-zonnepanelen","9":"first","10":"instock","11":"taxable","12":"shipping-taxable","13":"purchasable","14":"product-type-simple"},"yoast_head":"<!-- This site is optimized with the Yoast SEO Premium plugin v26.7 (Yoast SEO v26.7) - https:\/\/yoast.com\/wordpress\/plugins\/seo\/ -->\n<title>Hetech Solarmodul 400Wp - Gistron Solar<\/title>\n<meta name=\"robots\" content=\"index, follow, max-snippet:-1, max-image-preview:large, max-video-preview:-1\" \/>\n<link rel=\"canonical\" href=\"https:\/\/solar.gistron.com\/de\/product\/hetech-solarmodul-400wp\/\" \/>\n<meta property=\"og:locale\" content=\"de_DE\" \/>\n<meta property=\"og:type\" content=\"article\" \/>\n<meta property=\"og:title\" content=\"Hetech Solarmodul 400Wp\" \/>\n<meta property=\"og:description\" content=\"Modell: HET-400M8S54AH\" \/>\n<meta property=\"og:url\" content=\"https:\/\/solar.gistron.com\/de\/product\/hetech-solarmodul-400wp\/\" \/>\n<meta property=\"og:site_name\" content=\"Gistron Solar\" \/>\n<meta property=\"article:modified_time\" content=\"2026-04-10T08:01:01+00:00\" \/>\n<meta property=\"og:image\" content=\"https:\/\/solar.gistron.com\/wp-content\/uploads\/2023\/05\/Hetech-400Wp.jpg\" \/>\n\t<meta property=\"og:image:width\" content=\"1024\" \/>\n\t<meta property=\"og:image:height\" content=\"1024\" \/>\n\t<meta property=\"og:image:type\" content=\"image\/jpeg\" \/>\n<script type=\"application\/ld+json\" class=\"yoast-schema-graph\">{\"@context\":\"https:\/\/schema.org\",\"@graph\":[{\"@type\":\"WebPage\",\"@id\":\"https:\/\/solar.gistron.com\/de\/product\/hetech-solarmodul-400wp\/\",\"url\":\"https:\/\/solar.gistron.com\/de\/product\/hetech-solarmodul-400wp\/\",\"name\":\"Hetech Solarmodul 400Wp - Gistron Solar\",\"isPartOf\":{\"@id\":\"https:\/\/solar.gistron.com\/de\/#website\"},\"primaryImageOfPage\":{\"@id\":\"https:\/\/solar.gistron.com\/de\/product\/hetech-solarmodul-400wp\/#primaryimage\"},\"image\":{\"@id\":\"https:\/\/solar.gistron.com\/de\/product\/hetech-solarmodul-400wp\/#primaryimage\"},\"thumbnailUrl\":\"https:\/\/solar.gistron.com\/wp-content\/uploads\/2023\/05\/Hetech-400Wp.jpg\",\"datePublished\":\"2023-05-31T10:53:29+00:00\",\"dateModified\":\"2026-04-10T08:01:01+00:00\",\"breadcrumb\":{\"@id\":\"https:\/\/solar.gistron.com\/de\/product\/hetech-solarmodul-400wp\/#breadcrumb\"},\"inLanguage\":\"de\",\"potentialAction\":[{\"@type\":\"ReadAction\",\"target\":[\"https:\/\/solar.gistron.com\/de\/product\/hetech-solarmodul-400wp\/\"]}]},{\"@type\":\"ImageObject\",\"inLanguage\":\"de\",\"@id\":\"https:\/\/solar.gistron.com\/de\/product\/hetech-solarmodul-400wp\/#primaryimage\",\"url\":\"https:\/\/solar.gistron.com\/wp-content\/uploads\/2023\/05\/Hetech-400Wp.jpg\",\"contentUrl\":\"https:\/\/solar.gistron.com\/wp-content\/uploads\/2023\/05\/Hetech-400Wp.jpg\",\"width\":1024,\"height\":1024,\"caption\":\"Hetch solarmodul 400Wp\"},{\"@type\":\"BreadcrumbList\",\"@id\":\"https:\/\/solar.gistron.com\/de\/product\/hetech-solarmodul-400wp\/#breadcrumb\",\"itemListElement\":[{\"@type\":\"ListItem\",\"position\":1,\"name\":\"Home\",\"item\":\"https:\/\/solar.gistron.com\/de\/\"},{\"@type\":\"ListItem\",\"position\":2,\"name\":\"shop\",\"item\":\"https:\/\/solar.gistron.com\/de\/winkel\/\"},{\"@type\":\"ListItem\",\"position\":3,\"name\":\"Hetech Solarmodul 400Wp\"}]},{\"@type\":\"WebSite\",\"@id\":\"https:\/\/solar.gistron.com\/de\/#website\",\"url\":\"https:\/\/solar.gistron.com\/de\/\",\"name\":\"Solar Gistron\",\"description\":\"Zonnepanelen, Omvormers en Thuis accus\",\"publisher\":{\"@id\":\"https:\/\/solar.gistron.com\/de\/#organization\"},\"potentialAction\":[{\"@type\":\"SearchAction\",\"target\":{\"@type\":\"EntryPoint\",\"urlTemplate\":\"https:\/\/solar.gistron.com\/de\/?s={search_term_string}\"},\"query-input\":{\"@type\":\"PropertyValueSpecification\",\"valueRequired\":true,\"valueName\":\"search_term_string\"}}],\"inLanguage\":\"de\"},{\"@type\":\"Organization\",\"@id\":\"https:\/\/solar.gistron.com\/de\/#organization\",\"name\":\"Gistron B.V.\",\"url\":\"https:\/\/solar.gistron.com\/de\/\",\"logo\":{\"@type\":\"ImageObject\",\"inLanguage\":\"de\",\"@id\":\"https:\/\/solar.gistron.com\/de\/#\/schema\/logo\/image\/\",\"url\":\"https:\/\/solar.gistron.com\/wp-content\/uploads\/2023\/02\/Icon-licht-grijs.png\",\"contentUrl\":\"https:\/\/solar.gistron.com\/wp-content\/uploads\/2023\/02\/Icon-licht-grijs.png\",\"width\":112,\"height\":112,\"caption\":\"Gistron B.V.\"},\"image\":{\"@id\":\"https:\/\/solar.gistron.com\/de\/#\/schema\/logo\/image\/\"}}]}<\/script>\n<meta property=\"product:price:amount\" content=\"29.00\" \/>\n<meta property=\"product:price:currency\" content=\"EUR\" \/>\n<meta property=\"og:availability\" content=\"instock\" \/>\n<meta property=\"product:availability\" content=\"instock\" \/>\n<meta property=\"product:retailer_item_id\" content=\"64218\" \/>\n<meta property=\"product:condition\" content=\"new\" \/>\n<!-- \/ Yoast SEO Premium plugin. -->","yoast_head_json":{"title":"Hetech Solarmodul 400Wp - Gistron Solar","robots":{"index":"index","follow":"follow","max-snippet":"max-snippet:-1","max-image-preview":"max-image-preview:large","max-video-preview":"max-video-preview:-1"},"canonical":"https:\/\/solar.gistron.com\/de\/product\/hetech-solarmodul-400wp\/","og_locale":"de_DE","og_type":"article","og_title":"Hetech Solarmodul 400Wp","og_description":"Modell: HET-400M8S54AH","og_url":"https:\/\/solar.gistron.com\/de\/product\/hetech-solarmodul-400wp\/","og_site_name":"Gistron Solar","article_modified_time":"2026-04-10T08:01:01+00:00","og_image":[{"width":1024,"height":1024,"url":"https:\/\/solar.gistron.com\/wp-content\/uploads\/2023\/05\/Hetech-400Wp.jpg","type":"image\/jpeg"}],"schema":{"@context":"https:\/\/schema.org","@graph":[{"@type":"WebPage","@id":"https:\/\/solar.gistron.com\/de\/product\/hetech-solarmodul-400wp\/","url":"https:\/\/solar.gistron.com\/de\/product\/hetech-solarmodul-400wp\/","name":"Hetech Solarmodul 400Wp - Gistron Solar","isPartOf":{"@id":"https:\/\/solar.gistron.com\/de\/#website"},"primaryImageOfPage":{"@id":"https:\/\/solar.gistron.com\/de\/product\/hetech-solarmodul-400wp\/#primaryimage"},"image":{"@id":"https:\/\/solar.gistron.com\/de\/product\/hetech-solarmodul-400wp\/#primaryimage"},"thumbnailUrl":"https:\/\/solar.gistron.com\/wp-content\/uploads\/2023\/05\/Hetech-400Wp.jpg","datePublished":"2023-05-31T10:53:29+00:00","dateModified":"2026-04-10T08:01:01+00:00","breadcrumb":{"@id":"https:\/\/solar.gistron.com\/de\/product\/hetech-solarmodul-400wp\/#breadcrumb"},"inLanguage":"de","potentialAction":[{"@type":"ReadAction","target":["https:\/\/solar.gistron.com\/de\/product\/hetech-solarmodul-400wp\/"]}]},{"@type":"ImageObject","inLanguage":"de","@id":"https:\/\/solar.gistron.com\/de\/product\/hetech-solarmodul-400wp\/#primaryimage","url":"https:\/\/solar.gistron.com\/wp-content\/uploads\/2023\/05\/Hetech-400Wp.jpg","contentUrl":"https:\/\/solar.gistron.com\/wp-content\/uploads\/2023\/05\/Hetech-400Wp.jpg","width":1024,"height":1024,"caption":"Hetch solarmodul 400Wp"},{"@type":"BreadcrumbList","@id":"https:\/\/solar.gistron.com\/de\/product\/hetech-solarmodul-400wp\/#breadcrumb","itemListElement":[{"@type":"ListItem","position":1,"name":"Home","item":"https:\/\/solar.gistron.com\/de\/"},{"@type":"ListItem","position":2,"name":"shop","item":"https:\/\/solar.gistron.com\/de\/winkel\/"},{"@type":"ListItem","position":3,"name":"Hetech Solarmodul 400Wp"}]},{"@type":"WebSite","@id":"https:\/\/solar.gistron.com\/de\/#website","url":"https:\/\/solar.gistron.com\/de\/","name":"Solar Gistron","description":"Zonnepanelen, Omvormers en Thuis accus","publisher":{"@id":"https:\/\/solar.gistron.com\/de\/#organization"},"potentialAction":[{"@type":"SearchAction","target":{"@type":"EntryPoint","urlTemplate":"https:\/\/solar.gistron.com\/de\/?s={search_term_string}"},"query-input":{"@type":"PropertyValueSpecification","valueRequired":true,"valueName":"search_term_string"}}],"inLanguage":"de"},{"@type":"Organization","@id":"https:\/\/solar.gistron.com\/de\/#organization","name":"Gistron B.V.","url":"https:\/\/solar.gistron.com\/de\/","logo":{"@type":"ImageObject","inLanguage":"de","@id":"https:\/\/solar.gistron.com\/de\/#\/schema\/logo\/image\/","url":"https:\/\/solar.gistron.com\/wp-content\/uploads\/2023\/02\/Icon-licht-grijs.png","contentUrl":"https:\/\/solar.gistron.com\/wp-content\/uploads\/2023\/02\/Icon-licht-grijs.png","width":112,"height":112,"caption":"Gistron B.V."},"image":{"@id":"https:\/\/solar.gistron.com\/de\/#\/schema\/logo\/image\/"}}]},"product_price_amount":"29.00","product_price_currency":"EUR","og_availability":"instock","product_availability":"instock","product_retailer_item_id":"64218","product_condition":"new"},"_links":{"self":[{"href":"https:\/\/solar.gistron.com\/de\/wp-json\/wp\/v2\/product\/16095","targetHints":{"allow":["GET"]}}],"collection":[{"href":"https:\/\/solar.gistron.com\/de\/wp-json\/wp\/v2\/product"}],"about":[{"href":"https:\/\/solar.gistron.com\/de\/wp-json\/wp\/v2\/types\/product"}],"version-history":[{"count":10,"href":"https:\/\/solar.gistron.com\/de\/wp-json\/wp\/v2\/product\/16095\/revisions"}],"predecessor-version":[{"id":17609,"href":"https:\/\/solar.gistron.com\/de\/wp-json\/wp\/v2\/product\/16095\/revisions\/17609"}],"wp:featuredmedia":[{"embeddable":true,"href":"https:\/\/solar.gistron.com\/de\/wp-json\/wp\/v2\/media\/16065"}],"wp:attachment":[{"href":"https:\/\/solar.gistron.com\/de\/wp-json\/wp\/v2\/media?parent=16095"}],"wp:term":[{"taxonomy":"product_brand","embeddable":true,"href":"https:\/\/solar.gistron.com\/de\/wp-json\/wp\/v2\/product_brand?post=16095"},{"taxonomy":"product_cat","embeddable":true,"href":"https:\/\/solar.gistron.com\/de\/wp-json\/wp\/v2\/product_cat?post=16095"},{"taxonomy":"product_tag","embeddable":true,"href":"https:\/\/solar.gistron.com\/de\/wp-json\/wp\/v2\/product_tag?post=16095"}],"curies":[{"name":"wp","href":"https:\/\/api.w.org\/{rel}","templated":true}]}}