{"id":16665,"date":"2023-06-01T14:04:41","date_gmt":"2023-06-01T12:04:41","guid":{"rendered":"https:\/\/solar.gistron.com\/product\/montageschiene-mittelklemme-35mm-schwarz\/"},"modified":"2023-06-20T16:13:19","modified_gmt":"2023-06-20T14:13:19","slug":"montageschiene-mittelklemme-35mm-schwarz","status":"publish","type":"product","link":"https:\/\/solar.gistron.com\/de\/product\/montageschiene-mittelklemme-35mm-schwarz\/","title":{"rendered":"Montageschiene Mittelklemme 35mm Schwarz"},"content":{"rendered":"\t\t<div data-elementor-type=\"product-post\" data-elementor-id=\"16665\" class=\"elementor elementor-16665 elementor-16276\" data-elementor-post-type=\"product\">\n\t\t\t\t\t\t<section class=\"wd-negative-gap elementor-section elementor-top-section elementor-element elementor-element-7a8079cb elementor-section-boxed elementor-section-height-default elementor-section-height-default\" data-id=\"7a8079cb\" data-element_type=\"section\">\n\t\t\t\t\t\t<div class=\"elementor-container elementor-column-gap-default\">\n\t\t\t\t\t<div class=\"elementor-column elementor-col-100 elementor-top-column elementor-element elementor-element-53725e1f\" data-id=\"53725e1f\" data-element_type=\"column\">\n\t\t\t<div class=\"elementor-widget-wrap elementor-element-populated\">\n\t\t\t\t\t\t<div class=\"elementor-element elementor-element-1b3371f9 elementor-widget elementor-widget-html\" data-id=\"1b3371f9\" data-element_type=\"widget\" data-widget_type=\"html.default\">\n\t\t\t\t<div class=\"elementor-widget-container\">\n\t\t\t\t\t\n<table class=\"producttable\">\n    <tr>\n        <th colspan=\"2\">\nEIGENSCHAFTEN<\/th>\n    <\/tr>\n    <tr>\n        <td>Type<\/td>\n        <td>Mittelklemme<\/td>\n    <\/tr>\n    <tr>\n        <td>Bolzen Typ<\/td>\n        <td>Inbus<\/td>\n    <tr>\n            <tr>\n        <td>Bolzengr\u00f6\u00dfe<\/td>\n        <td>M8x40mm<\/td>\n    <tr>\n        <td>Breite<\/td>\n        <td>40 mm<\/tr>\n                <tr>\n        <td>H\u00f6he<\/td>\n        <td>35 mm<\/td>\n    <\/tr>\n    <tr>\n<\/table>\t\t\t\t<\/div>\n\t\t\t\t<\/div>\n\t\t\t\t\t<\/div>\n\t\t<\/div>\n\t\t\t\t\t<\/div>\n\t\t<\/section>\n\t\t\t\t<\/div>\n\t\t","protected":false},"excerpt":{"rendered":"<p>EIGENSCHAFTEN Type Mittelklemme Bolzen Typ Inbus Bolzengr\u00f6\u00dfe M8x40mm Breite 40 mm H\u00f6he 35 mm<\/p>\n","protected":false},"featured_media":16272,"template":"","meta":[],"product_brand":[],"product_cat":[320],"product_tag":[],"class_list":{"0":"post-16665","1":"product","2":"type-product","3":"status-publish","4":"has-post-thumbnail","6":"product_cat-schraegdach","7":"product_shipping_class-tot-30kg","9":"first","10":"instock","11":"taxable","12":"shipping-taxable","13":"purchasable","14":"product-type-simple"},"yoast_head":"<!-- This site is optimized with the Yoast SEO Premium plugin v26.7 (Yoast SEO v26.7) - https:\/\/yoast.com\/wordpress\/plugins\/seo\/ -->\n<title>Montageschiene Mittelklemme 35mm Schwarz - Gistron Solar<\/title>\n<meta name=\"robots\" content=\"index, follow, max-snippet:-1, max-image-preview:large, max-video-preview:-1\" \/>\n<link rel=\"canonical\" href=\"https:\/\/solar.gistron.com\/de\/product\/montageschiene-mittelklemme-35mm-schwarz\/\" \/>\n<meta property=\"og:locale\" content=\"de_DE\" \/>\n<meta property=\"og:type\" content=\"article\" \/>\n<meta property=\"og:title\" content=\"Montageschiene Mittelklemme 35mm Schwarz\" \/>\n<meta property=\"og:description\" content=\"EIGENSCHAFTEN Type Mittelklemme Bolzen Typ Inbus Bolzengr\u00f6\u00dfe M8x40mm Breite 40 mm H\u00f6he 35 mm\" \/>\n<meta property=\"og:url\" content=\"https:\/\/solar.gistron.com\/de\/product\/montageschiene-mittelklemme-35mm-schwarz\/\" \/>\n<meta property=\"og:site_name\" content=\"Gistron Solar\" \/>\n<meta property=\"article:modified_time\" content=\"2023-06-20T14:13:19+00:00\" \/>\n<meta property=\"og:image\" content=\"https:\/\/solar.gistron.com\/wp-content\/uploads\/2023\/06\/GT-MC-U1.jpg\" \/>\n\t<meta property=\"og:image:width\" content=\"512\" \/>\n\t<meta property=\"og:image:height\" content=\"512\" \/>\n\t<meta property=\"og:image:type\" content=\"image\/jpeg\" \/>\n<script type=\"application\/ld+json\" class=\"yoast-schema-graph\">{\"@context\":\"https:\/\/schema.org\",\"@graph\":[{\"@type\":\"WebPage\",\"@id\":\"https:\/\/solar.gistron.com\/de\/product\/montageschiene-mittelklemme-35mm-schwarz\/\",\"url\":\"https:\/\/solar.gistron.com\/de\/product\/montageschiene-mittelklemme-35mm-schwarz\/\",\"name\":\"Montageschiene Mittelklemme 35mm Schwarz - Gistron Solar\",\"isPartOf\":{\"@id\":\"https:\/\/solar.gistron.com\/de\/#website\"},\"primaryImageOfPage\":{\"@id\":\"https:\/\/solar.gistron.com\/de\/product\/montageschiene-mittelklemme-35mm-schwarz\/#primaryimage\"},\"image\":{\"@id\":\"https:\/\/solar.gistron.com\/de\/product\/montageschiene-mittelklemme-35mm-schwarz\/#primaryimage\"},\"thumbnailUrl\":\"https:\/\/solar.gistron.com\/wp-content\/uploads\/2023\/06\/GT-MC-U1.jpg\",\"datePublished\":\"2023-06-01T12:04:41+00:00\",\"dateModified\":\"2023-06-20T14:13:19+00:00\",\"breadcrumb\":{\"@id\":\"https:\/\/solar.gistron.com\/de\/product\/montageschiene-mittelklemme-35mm-schwarz\/#breadcrumb\"},\"inLanguage\":\"de\",\"potentialAction\":[{\"@type\":\"ReadAction\",\"target\":[\"https:\/\/solar.gistron.com\/de\/product\/montageschiene-mittelklemme-35mm-schwarz\/\"]}]},{\"@type\":\"ImageObject\",\"inLanguage\":\"de\",\"@id\":\"https:\/\/solar.gistron.com\/de\/product\/montageschiene-mittelklemme-35mm-schwarz\/#primaryimage\",\"url\":\"https:\/\/solar.gistron.com\/wp-content\/uploads\/2023\/06\/GT-MC-U1.jpg\",\"contentUrl\":\"https:\/\/solar.gistron.com\/wp-content\/uploads\/2023\/06\/GT-MC-U1.jpg\",\"width\":512,\"height\":512},{\"@type\":\"BreadcrumbList\",\"@id\":\"https:\/\/solar.gistron.com\/de\/product\/montageschiene-mittelklemme-35mm-schwarz\/#breadcrumb\",\"itemListElement\":[{\"@type\":\"ListItem\",\"position\":1,\"name\":\"Home\",\"item\":\"https:\/\/solar.gistron.com\/de\/\"},{\"@type\":\"ListItem\",\"position\":2,\"name\":\"shop\",\"item\":\"https:\/\/solar.gistron.com\/de\/winkel\/\"},{\"@type\":\"ListItem\",\"position\":3,\"name\":\"Montageschiene Mittelklemme 35mm Schwarz\"}]},{\"@type\":\"WebSite\",\"@id\":\"https:\/\/solar.gistron.com\/de\/#website\",\"url\":\"https:\/\/solar.gistron.com\/de\/\",\"name\":\"Solar Gistron\",\"description\":\"Zonnepanelen, Omvormers en Thuis accus\",\"publisher\":{\"@id\":\"https:\/\/solar.gistron.com\/de\/#organization\"},\"potentialAction\":[{\"@type\":\"SearchAction\",\"target\":{\"@type\":\"EntryPoint\",\"urlTemplate\":\"https:\/\/solar.gistron.com\/de\/?s={search_term_string}\"},\"query-input\":{\"@type\":\"PropertyValueSpecification\",\"valueRequired\":true,\"valueName\":\"search_term_string\"}}],\"inLanguage\":\"de\"},{\"@type\":\"Organization\",\"@id\":\"https:\/\/solar.gistron.com\/de\/#organization\",\"name\":\"Gistron B.V.\",\"url\":\"https:\/\/solar.gistron.com\/de\/\",\"logo\":{\"@type\":\"ImageObject\",\"inLanguage\":\"de\",\"@id\":\"https:\/\/solar.gistron.com\/de\/#\/schema\/logo\/image\/\",\"url\":\"https:\/\/solar.gistron.com\/wp-content\/uploads\/2023\/02\/Icon-licht-grijs.png\",\"contentUrl\":\"https:\/\/solar.gistron.com\/wp-content\/uploads\/2023\/02\/Icon-licht-grijs.png\",\"width\":112,\"height\":112,\"caption\":\"Gistron B.V.\"},\"image\":{\"@id\":\"https:\/\/solar.gistron.com\/de\/#\/schema\/logo\/image\/\"}}]}<\/script>\n<meta property=\"product:price:amount\" content=\"1.00\" \/>\n<meta property=\"product:price:currency\" content=\"EUR\" \/>\n<meta property=\"og:availability\" content=\"instock\" \/>\n<meta property=\"product:availability\" content=\"instock\" \/>\n<meta property=\"product:retailer_item_id\" content=\"64234\" \/>\n<meta property=\"product:condition\" content=\"new\" \/>\n<!-- \/ Yoast SEO Premium plugin. -->","yoast_head_json":{"title":"Montageschiene Mittelklemme 35mm Schwarz - Gistron Solar","robots":{"index":"index","follow":"follow","max-snippet":"max-snippet:-1","max-image-preview":"max-image-preview:large","max-video-preview":"max-video-preview:-1"},"canonical":"https:\/\/solar.gistron.com\/de\/product\/montageschiene-mittelklemme-35mm-schwarz\/","og_locale":"de_DE","og_type":"article","og_title":"Montageschiene Mittelklemme 35mm Schwarz","og_description":"EIGENSCHAFTEN Type Mittelklemme Bolzen Typ Inbus Bolzengr\u00f6\u00dfe M8x40mm Breite 40 mm H\u00f6he 35 mm","og_url":"https:\/\/solar.gistron.com\/de\/product\/montageschiene-mittelklemme-35mm-schwarz\/","og_site_name":"Gistron Solar","article_modified_time":"2023-06-20T14:13:19+00:00","og_image":[{"width":512,"height":512,"url":"https:\/\/solar.gistron.com\/wp-content\/uploads\/2023\/06\/GT-MC-U1.jpg","type":"image\/jpeg"}],"schema":{"@context":"https:\/\/schema.org","@graph":[{"@type":"WebPage","@id":"https:\/\/solar.gistron.com\/de\/product\/montageschiene-mittelklemme-35mm-schwarz\/","url":"https:\/\/solar.gistron.com\/de\/product\/montageschiene-mittelklemme-35mm-schwarz\/","name":"Montageschiene Mittelklemme 35mm Schwarz - Gistron Solar","isPartOf":{"@id":"https:\/\/solar.gistron.com\/de\/#website"},"primaryImageOfPage":{"@id":"https:\/\/solar.gistron.com\/de\/product\/montageschiene-mittelklemme-35mm-schwarz\/#primaryimage"},"image":{"@id":"https:\/\/solar.gistron.com\/de\/product\/montageschiene-mittelklemme-35mm-schwarz\/#primaryimage"},"thumbnailUrl":"https:\/\/solar.gistron.com\/wp-content\/uploads\/2023\/06\/GT-MC-U1.jpg","datePublished":"2023-06-01T12:04:41+00:00","dateModified":"2023-06-20T14:13:19+00:00","breadcrumb":{"@id":"https:\/\/solar.gistron.com\/de\/product\/montageschiene-mittelklemme-35mm-schwarz\/#breadcrumb"},"inLanguage":"de","potentialAction":[{"@type":"ReadAction","target":["https:\/\/solar.gistron.com\/de\/product\/montageschiene-mittelklemme-35mm-schwarz\/"]}]},{"@type":"ImageObject","inLanguage":"de","@id":"https:\/\/solar.gistron.com\/de\/product\/montageschiene-mittelklemme-35mm-schwarz\/#primaryimage","url":"https:\/\/solar.gistron.com\/wp-content\/uploads\/2023\/06\/GT-MC-U1.jpg","contentUrl":"https:\/\/solar.gistron.com\/wp-content\/uploads\/2023\/06\/GT-MC-U1.jpg","width":512,"height":512},{"@type":"BreadcrumbList","@id":"https:\/\/solar.gistron.com\/de\/product\/montageschiene-mittelklemme-35mm-schwarz\/#breadcrumb","itemListElement":[{"@type":"ListItem","position":1,"name":"Home","item":"https:\/\/solar.gistron.com\/de\/"},{"@type":"ListItem","position":2,"name":"shop","item":"https:\/\/solar.gistron.com\/de\/winkel\/"},{"@type":"ListItem","position":3,"name":"Montageschiene Mittelklemme 35mm Schwarz"}]},{"@type":"WebSite","@id":"https:\/\/solar.gistron.com\/de\/#website","url":"https:\/\/solar.gistron.com\/de\/","name":"Solar Gistron","description":"Zonnepanelen, Omvormers en Thuis accus","publisher":{"@id":"https:\/\/solar.gistron.com\/de\/#organization"},"potentialAction":[{"@type":"SearchAction","target":{"@type":"EntryPoint","urlTemplate":"https:\/\/solar.gistron.com\/de\/?s={search_term_string}"},"query-input":{"@type":"PropertyValueSpecification","valueRequired":true,"valueName":"search_term_string"}}],"inLanguage":"de"},{"@type":"Organization","@id":"https:\/\/solar.gistron.com\/de\/#organization","name":"Gistron B.V.","url":"https:\/\/solar.gistron.com\/de\/","logo":{"@type":"ImageObject","inLanguage":"de","@id":"https:\/\/solar.gistron.com\/de\/#\/schema\/logo\/image\/","url":"https:\/\/solar.gistron.com\/wp-content\/uploads\/2023\/02\/Icon-licht-grijs.png","contentUrl":"https:\/\/solar.gistron.com\/wp-content\/uploads\/2023\/02\/Icon-licht-grijs.png","width":112,"height":112,"caption":"Gistron B.V."},"image":{"@id":"https:\/\/solar.gistron.com\/de\/#\/schema\/logo\/image\/"}}]},"product_price_amount":"1.00","product_price_currency":"EUR","og_availability":"instock","product_availability":"instock","product_retailer_item_id":"64234","product_condition":"new"},"_links":{"self":[{"href":"https:\/\/solar.gistron.com\/de\/wp-json\/wp\/v2\/product\/16665","targetHints":{"allow":["GET"]}}],"collection":[{"href":"https:\/\/solar.gistron.com\/de\/wp-json\/wp\/v2\/product"}],"about":[{"href":"https:\/\/solar.gistron.com\/de\/wp-json\/wp\/v2\/types\/product"}],"version-history":[{"count":2,"href":"https:\/\/solar.gistron.com\/de\/wp-json\/wp\/v2\/product\/16665\/revisions"}],"predecessor-version":[{"id":16759,"href":"https:\/\/solar.gistron.com\/de\/wp-json\/wp\/v2\/product\/16665\/revisions\/16759"}],"wp:featuredmedia":[{"embeddable":true,"href":"https:\/\/solar.gistron.com\/de\/wp-json\/wp\/v2\/media\/16272"}],"wp:attachment":[{"href":"https:\/\/solar.gistron.com\/de\/wp-json\/wp\/v2\/media?parent=16665"}],"wp:term":[{"taxonomy":"product_brand","embeddable":true,"href":"https:\/\/solar.gistron.com\/de\/wp-json\/wp\/v2\/product_brand?post=16665"},{"taxonomy":"product_cat","embeddable":true,"href":"https:\/\/solar.gistron.com\/de\/wp-json\/wp\/v2\/product_cat?post=16665"},{"taxonomy":"product_tag","embeddable":true,"href":"https:\/\/solar.gistron.com\/de\/wp-json\/wp\/v2\/product_tag?post=16665"}],"curies":[{"name":"wp","href":"https:\/\/api.w.org\/{rel}","templated":true}]}}