{"id":16704,"date":"2023-06-01T12:13:00","date_gmt":"2023-06-01T10:13:00","guid":{"rendered":"https:\/\/solar.gistron.com\/product\/dachhaken-2x-verstellbar-aluminium-8mm\/"},"modified":"2024-10-21T19:38:40","modified_gmt":"2024-10-21T17:38:40","slug":"dachhaken-2x-verstellbar-aluminium-8mm","status":"publish","type":"product","link":"https:\/\/solar.gistron.com\/de\/product\/dachhaken-2x-verstellbar-aluminium-8mm\/","title":{"rendered":"Dachhaken 2x verstellbar Aluminium 8mm"},"content":{"rendered":"\t\t<div data-elementor-type=\"product-post\" data-elementor-id=\"16704\" class=\"elementor elementor-16704 elementor-16166\" data-elementor-post-type=\"product\">\n\t\t\t\t\t\t<section class=\"wd-negative-gap elementor-section elementor-top-section elementor-element elementor-element-51488af8 elementor-section-boxed elementor-section-height-default elementor-section-height-default\" data-id=\"51488af8\" data-element_type=\"section\">\n\t\t\t\t\t\t<div class=\"elementor-container elementor-column-gap-default\">\n\t\t\t\t\t<div class=\"elementor-column elementor-col-100 elementor-top-column elementor-element elementor-element-6aaafff5\" data-id=\"6aaafff5\" data-element_type=\"column\">\n\t\t\t<div class=\"elementor-widget-wrap elementor-element-populated\">\n\t\t\t\t\t\t<div class=\"elementor-element elementor-element-3f6fa6af elementor-widget elementor-widget-html\" data-id=\"3f6fa6af\" data-element_type=\"widget\" data-widget_type=\"html.default\">\n\t\t\t\t<div class=\"elementor-widget-container\">\n\t\t\t\t\t\n<table class=\"producttable\">\n    <tr>\n        <th colspan=\"2\">\nEIGENSCHAFTEN<\/th>\n    <\/tr>\n    <tr>\n        <td>Type<\/td>\n        <td>Dachhaken<\/td>\n    <\/tr>\n    <tr>\n        <td>Material<\/td>\n        <td>Aluminium<\/td>\n    <tr>\n        <td>Dicke des Materials<\/td>\n        <td>8mm<\/tr>\n                <tr>\n        <td>Einstellbar<\/td>\n        <td>2x<\/td>\n    <\/tr>\n                   <tr>\n        <td>Gr\u00f6\u00dfe f\u00fcr Hammerkopfschraube<\/td>\n        <td>M8<\/td>\n    <\/tr>\n<\/table>\n\t\t\t\t<\/div>\n\t\t\t\t<\/div>\n\t\t\t\t\t<\/div>\n\t\t<\/div>\n\t\t\t\t\t<\/div>\n\t\t<\/section>\n\t\t\t\t<\/div>\n\t\t","protected":false},"excerpt":{"rendered":"<p>EIGENSCHAFTEN Type Dachhaken Material Aluminium Dicke des Materials 8mm Einstellbar 2x Gr\u00f6\u00dfe f\u00fcr Hammerkopfschraube M8<\/p>\n","protected":false},"featured_media":16169,"template":"","meta":[],"product_brand":[],"product_cat":[320],"product_tag":[],"class_list":{"0":"post-16704","1":"product","2":"type-product","3":"status-publish","4":"has-post-thumbnail","6":"product_cat-schraegdach","7":"product_shipping_class-tot-30kg","9":"first","10":"instock","11":"taxable","12":"shipping-taxable","13":"purchasable","14":"product-type-simple"},"yoast_head":"<!-- This site is optimized with the Yoast SEO Premium plugin v26.7 (Yoast SEO v26.7) - https:\/\/yoast.com\/wordpress\/plugins\/seo\/ -->\n<title>Dachhaken 2x verstellbar Aluminium 8mm - Gistron Solar<\/title>\n<meta name=\"robots\" content=\"index, follow, max-snippet:-1, max-image-preview:large, max-video-preview:-1\" \/>\n<link rel=\"canonical\" href=\"https:\/\/solar.gistron.com\/de\/product\/dachhaken-2x-verstellbar-aluminium-8mm\/\" \/>\n<meta property=\"og:locale\" content=\"de_DE\" \/>\n<meta property=\"og:type\" content=\"article\" \/>\n<meta property=\"og:title\" content=\"Dachhaken 2x verstellbar Aluminium 8mm\" \/>\n<meta property=\"og:description\" content=\"EIGENSCHAFTEN Type Dachhaken Material Aluminium Dicke des Materials 8mm Einstellbar 2x Gr\u00f6\u00dfe f\u00fcr Hammerkopfschraube M8\" \/>\n<meta property=\"og:url\" content=\"https:\/\/solar.gistron.com\/de\/product\/dachhaken-2x-verstellbar-aluminium-8mm\/\" \/>\n<meta property=\"og:site_name\" content=\"Gistron Solar\" \/>\n<meta property=\"article:modified_time\" content=\"2024-10-21T17:38:40+00:00\" \/>\n<meta property=\"og:image\" content=\"https:\/\/solar.gistron.com\/wp-content\/uploads\/2023\/06\/64395-v2.jpg\" \/>\n\t<meta property=\"og:image:width\" content=\"1024\" \/>\n\t<meta property=\"og:image:height\" content=\"1024\" \/>\n\t<meta property=\"og:image:type\" content=\"image\/jpeg\" \/>\n<script type=\"application\/ld+json\" class=\"yoast-schema-graph\">{\"@context\":\"https:\/\/schema.org\",\"@graph\":[{\"@type\":\"WebPage\",\"@id\":\"https:\/\/solar.gistron.com\/de\/product\/dachhaken-2x-verstellbar-aluminium-8mm\/\",\"url\":\"https:\/\/solar.gistron.com\/de\/product\/dachhaken-2x-verstellbar-aluminium-8mm\/\",\"name\":\"Dachhaken 2x verstellbar Aluminium 8mm - Gistron Solar\",\"isPartOf\":{\"@id\":\"https:\/\/solar.gistron.com\/de\/#website\"},\"primaryImageOfPage\":{\"@id\":\"https:\/\/solar.gistron.com\/de\/product\/dachhaken-2x-verstellbar-aluminium-8mm\/#primaryimage\"},\"image\":{\"@id\":\"https:\/\/solar.gistron.com\/de\/product\/dachhaken-2x-verstellbar-aluminium-8mm\/#primaryimage\"},\"thumbnailUrl\":\"https:\/\/solar.gistron.com\/wp-content\/uploads\/2023\/06\/64395-v2.jpg\",\"datePublished\":\"2023-06-01T10:13:00+00:00\",\"dateModified\":\"2024-10-21T17:38:40+00:00\",\"breadcrumb\":{\"@id\":\"https:\/\/solar.gistron.com\/de\/product\/dachhaken-2x-verstellbar-aluminium-8mm\/#breadcrumb\"},\"inLanguage\":\"de\",\"potentialAction\":[{\"@type\":\"ReadAction\",\"target\":[\"https:\/\/solar.gistron.com\/de\/product\/dachhaken-2x-verstellbar-aluminium-8mm\/\"]}]},{\"@type\":\"ImageObject\",\"inLanguage\":\"de\",\"@id\":\"https:\/\/solar.gistron.com\/de\/product\/dachhaken-2x-verstellbar-aluminium-8mm\/#primaryimage\",\"url\":\"https:\/\/solar.gistron.com\/wp-content\/uploads\/2023\/06\/64395-v2.jpg\",\"contentUrl\":\"https:\/\/solar.gistron.com\/wp-content\/uploads\/2023\/06\/64395-v2.jpg\",\"width\":1024,\"height\":1024},{\"@type\":\"BreadcrumbList\",\"@id\":\"https:\/\/solar.gistron.com\/de\/product\/dachhaken-2x-verstellbar-aluminium-8mm\/#breadcrumb\",\"itemListElement\":[{\"@type\":\"ListItem\",\"position\":1,\"name\":\"Home\",\"item\":\"https:\/\/solar.gistron.com\/de\/\"},{\"@type\":\"ListItem\",\"position\":2,\"name\":\"shop\",\"item\":\"https:\/\/solar.gistron.com\/de\/winkel\/\"},{\"@type\":\"ListItem\",\"position\":3,\"name\":\"Dachhaken 2x verstellbar Aluminium 8mm\"}]},{\"@type\":\"WebSite\",\"@id\":\"https:\/\/solar.gistron.com\/de\/#website\",\"url\":\"https:\/\/solar.gistron.com\/de\/\",\"name\":\"Solar Gistron\",\"description\":\"Zonnepanelen, Omvormers en Thuis accus\",\"publisher\":{\"@id\":\"https:\/\/solar.gistron.com\/de\/#organization\"},\"potentialAction\":[{\"@type\":\"SearchAction\",\"target\":{\"@type\":\"EntryPoint\",\"urlTemplate\":\"https:\/\/solar.gistron.com\/de\/?s={search_term_string}\"},\"query-input\":{\"@type\":\"PropertyValueSpecification\",\"valueRequired\":true,\"valueName\":\"search_term_string\"}}],\"inLanguage\":\"de\"},{\"@type\":\"Organization\",\"@id\":\"https:\/\/solar.gistron.com\/de\/#organization\",\"name\":\"Gistron B.V.\",\"url\":\"https:\/\/solar.gistron.com\/de\/\",\"logo\":{\"@type\":\"ImageObject\",\"inLanguage\":\"de\",\"@id\":\"https:\/\/solar.gistron.com\/de\/#\/schema\/logo\/image\/\",\"url\":\"https:\/\/solar.gistron.com\/wp-content\/uploads\/2023\/02\/Icon-licht-grijs.png\",\"contentUrl\":\"https:\/\/solar.gistron.com\/wp-content\/uploads\/2023\/02\/Icon-licht-grijs.png\",\"width\":112,\"height\":112,\"caption\":\"Gistron B.V.\"},\"image\":{\"@id\":\"https:\/\/solar.gistron.com\/de\/#\/schema\/logo\/image\/\"}}]}<\/script>\n<meta property=\"product:price:amount\" content=\"4.90\" \/>\n<meta property=\"product:price:currency\" content=\"EUR\" \/>\n<meta property=\"og:availability\" content=\"instock\" \/>\n<meta property=\"product:availability\" content=\"instock\" \/>\n<meta property=\"product:retailer_item_id\" content=\"64395\" \/>\n<meta property=\"product:condition\" content=\"new\" \/>\n<!-- \/ Yoast SEO Premium plugin. -->","yoast_head_json":{"title":"Dachhaken 2x verstellbar Aluminium 8mm - Gistron Solar","robots":{"index":"index","follow":"follow","max-snippet":"max-snippet:-1","max-image-preview":"max-image-preview:large","max-video-preview":"max-video-preview:-1"},"canonical":"https:\/\/solar.gistron.com\/de\/product\/dachhaken-2x-verstellbar-aluminium-8mm\/","og_locale":"de_DE","og_type":"article","og_title":"Dachhaken 2x verstellbar Aluminium 8mm","og_description":"EIGENSCHAFTEN Type Dachhaken Material Aluminium Dicke des Materials 8mm Einstellbar 2x Gr\u00f6\u00dfe f\u00fcr Hammerkopfschraube M8","og_url":"https:\/\/solar.gistron.com\/de\/product\/dachhaken-2x-verstellbar-aluminium-8mm\/","og_site_name":"Gistron Solar","article_modified_time":"2024-10-21T17:38:40+00:00","og_image":[{"width":1024,"height":1024,"url":"https:\/\/solar.gistron.com\/wp-content\/uploads\/2023\/06\/64395-v2.jpg","type":"image\/jpeg"}],"schema":{"@context":"https:\/\/schema.org","@graph":[{"@type":"WebPage","@id":"https:\/\/solar.gistron.com\/de\/product\/dachhaken-2x-verstellbar-aluminium-8mm\/","url":"https:\/\/solar.gistron.com\/de\/product\/dachhaken-2x-verstellbar-aluminium-8mm\/","name":"Dachhaken 2x verstellbar Aluminium 8mm - Gistron Solar","isPartOf":{"@id":"https:\/\/solar.gistron.com\/de\/#website"},"primaryImageOfPage":{"@id":"https:\/\/solar.gistron.com\/de\/product\/dachhaken-2x-verstellbar-aluminium-8mm\/#primaryimage"},"image":{"@id":"https:\/\/solar.gistron.com\/de\/product\/dachhaken-2x-verstellbar-aluminium-8mm\/#primaryimage"},"thumbnailUrl":"https:\/\/solar.gistron.com\/wp-content\/uploads\/2023\/06\/64395-v2.jpg","datePublished":"2023-06-01T10:13:00+00:00","dateModified":"2024-10-21T17:38:40+00:00","breadcrumb":{"@id":"https:\/\/solar.gistron.com\/de\/product\/dachhaken-2x-verstellbar-aluminium-8mm\/#breadcrumb"},"inLanguage":"de","potentialAction":[{"@type":"ReadAction","target":["https:\/\/solar.gistron.com\/de\/product\/dachhaken-2x-verstellbar-aluminium-8mm\/"]}]},{"@type":"ImageObject","inLanguage":"de","@id":"https:\/\/solar.gistron.com\/de\/product\/dachhaken-2x-verstellbar-aluminium-8mm\/#primaryimage","url":"https:\/\/solar.gistron.com\/wp-content\/uploads\/2023\/06\/64395-v2.jpg","contentUrl":"https:\/\/solar.gistron.com\/wp-content\/uploads\/2023\/06\/64395-v2.jpg","width":1024,"height":1024},{"@type":"BreadcrumbList","@id":"https:\/\/solar.gistron.com\/de\/product\/dachhaken-2x-verstellbar-aluminium-8mm\/#breadcrumb","itemListElement":[{"@type":"ListItem","position":1,"name":"Home","item":"https:\/\/solar.gistron.com\/de\/"},{"@type":"ListItem","position":2,"name":"shop","item":"https:\/\/solar.gistron.com\/de\/winkel\/"},{"@type":"ListItem","position":3,"name":"Dachhaken 2x verstellbar Aluminium 8mm"}]},{"@type":"WebSite","@id":"https:\/\/solar.gistron.com\/de\/#website","url":"https:\/\/solar.gistron.com\/de\/","name":"Solar Gistron","description":"Zonnepanelen, Omvormers en Thuis accus","publisher":{"@id":"https:\/\/solar.gistron.com\/de\/#organization"},"potentialAction":[{"@type":"SearchAction","target":{"@type":"EntryPoint","urlTemplate":"https:\/\/solar.gistron.com\/de\/?s={search_term_string}"},"query-input":{"@type":"PropertyValueSpecification","valueRequired":true,"valueName":"search_term_string"}}],"inLanguage":"de"},{"@type":"Organization","@id":"https:\/\/solar.gistron.com\/de\/#organization","name":"Gistron B.V.","url":"https:\/\/solar.gistron.com\/de\/","logo":{"@type":"ImageObject","inLanguage":"de","@id":"https:\/\/solar.gistron.com\/de\/#\/schema\/logo\/image\/","url":"https:\/\/solar.gistron.com\/wp-content\/uploads\/2023\/02\/Icon-licht-grijs.png","contentUrl":"https:\/\/solar.gistron.com\/wp-content\/uploads\/2023\/02\/Icon-licht-grijs.png","width":112,"height":112,"caption":"Gistron B.V."},"image":{"@id":"https:\/\/solar.gistron.com\/de\/#\/schema\/logo\/image\/"}}]},"product_price_amount":"4.90","product_price_currency":"EUR","og_availability":"instock","product_availability":"instock","product_retailer_item_id":"64395","product_condition":"new"},"_links":{"self":[{"href":"https:\/\/solar.gistron.com\/de\/wp-json\/wp\/v2\/product\/16704","targetHints":{"allow":["GET"]}}],"collection":[{"href":"https:\/\/solar.gistron.com\/de\/wp-json\/wp\/v2\/product"}],"about":[{"href":"https:\/\/solar.gistron.com\/de\/wp-json\/wp\/v2\/types\/product"}],"version-history":[{"count":5,"href":"https:\/\/solar.gistron.com\/de\/wp-json\/wp\/v2\/product\/16704\/revisions"}],"predecessor-version":[{"id":17806,"href":"https:\/\/solar.gistron.com\/de\/wp-json\/wp\/v2\/product\/16704\/revisions\/17806"}],"wp:featuredmedia":[{"embeddable":true,"href":"https:\/\/solar.gistron.com\/de\/wp-json\/wp\/v2\/media\/16169"}],"wp:attachment":[{"href":"https:\/\/solar.gistron.com\/de\/wp-json\/wp\/v2\/media?parent=16704"}],"wp:term":[{"taxonomy":"product_brand","embeddable":true,"href":"https:\/\/solar.gistron.com\/de\/wp-json\/wp\/v2\/product_brand?post=16704"},{"taxonomy":"product_cat","embeddable":true,"href":"https:\/\/solar.gistron.com\/de\/wp-json\/wp\/v2\/product_cat?post=16704"},{"taxonomy":"product_tag","embeddable":true,"href":"https:\/\/solar.gistron.com\/de\/wp-json\/wp\/v2\/product_tag?post=16704"}],"curies":[{"name":"wp","href":"https:\/\/api.w.org\/{rel}","templated":true}]}}